{"id":916,"date":"2018-08-29T16:38:37","date_gmt":"2018-08-29T19:38:37","guid":{"rendered":"https:\/\/isfd41-bue.infd.edu.ar\/sitio\/cruce-de-los-andes\/"},"modified":"2020-08-12T22:59:48","modified_gmt":"2020-08-13T01:59:48","slug":"expedicion-cientifico-pedagogica-cruce-de-los-andes","status":"publish","type":"page","link":"https:\/\/isfd41-bue.infd.edu.ar\/sitio\/expedicion-cientifico-pedagogica-cruce-de-los-andes\/","title":{"rendered":"Expedici\u00f3n Cient\u00edfico Pedag\u00f3gica  Cruce de los Andes"},"content":{"rendered":"<p style=\"text-align: justify;\"><img decoding=\"async\" loading=\"lazy\" class=\"alignnone  wp-image-1661\" src=\"https:\/\/isfd41-bue.infd.edu.ar\/sitio\/wp-content\/uploads\/2020\/08\/AndesTapa-imagen-1000x716.jpg\" alt=\"\" width=\"453\" height=\"324\" srcset=\"https:\/\/isfd41-bue.infd.edu.ar\/sitio\/wp-content\/uploads\/2020\/08\/AndesTapa-imagen-1000x716.jpg 1000w, https:\/\/isfd41-bue.infd.edu.ar\/sitio\/wp-content\/uploads\/2020\/08\/AndesTapa-imagen-768x550.jpg 768w, https:\/\/isfd41-bue.infd.edu.ar\/sitio\/wp-content\/uploads\/2020\/08\/AndesTapa-imagen.jpg 1347w\" sizes=\"(max-width: 453px) 100vw, 453px\" \/><\/p>\n<p style=\"text-align: justify;\">Tapa del\u00a0 Libro publicado por la UNLA en\u00a0 2017 con los trabajos de investigaci\u00f3n de las<\/p>\n<p style=\"text-align: justify;\">Expediciones Cient\u00edfico Pedag\u00f3gicas<\/p>\n<p style=\"text-align: justify;\"><span style=\"font-family: 'times new roman', times; font-size: 12pt;\"><a href=\"https:\/\/www.dropbox.com\/s\/99jfa26gt5fc7gh\/Premio%20al%20m%C3%A9rito%20geogr%C3%A1fico%202017%20entregado%20por%20GAEA.pdf?dl=0\" target=\"_blank\" rel=\"noopener\">Premio al M\u00e9rito Geogr\u00e1fico 2017<\/a><\/span><\/p>\n<p style=\"text-align: justify;\"><span style=\"font-family: 'times new roman', times; font-size: 12pt;\"><a href=\"https:\/\/isfd41-bue.infd.edu.ar\/sitio\/wp-content\/uploads\/2020\/08\/ISFD-N\u00b041-PROYECTO-CIENT\u00cd-FICO-PEDAG\u00d3GICO-CRUCE-DE-LOS-ANDES-2012.pdf\">ISFD N\u00b041 PROYECTO CIENT\u00cdFICO PEDAG\u00d3GICO CRUCE DE LOS ANDES 2012<\/a><\/span><\/p>\n<p><a href=\"https:\/\/drive.google.com\/file\/d\/1ICzJh6s-SCXCpGZyEU755m0KTLyyUZGo\/view?usp=sharing\">Muestra Fotogr\u00e1fica Expedici\u00f3n 2012<\/a><\/p>\n<p style=\"text-align: justify;\"><a href=\"https:\/\/drive.google.com\/file\/d\/1lxeYFu2J7LB5uFGKTU-6CKPdVHerGH3q\/view?usp=sharing\">Video Expedici\u00f3n 2012<\/a><\/p>\n<p><a href=\"https:\/\/isfd41-bue.infd.edu.ar\/sitio\/wp-content\/uploads\/2020\/08\/Publicaci\u00f3n-Efem\u00e9rides-17-ago-20-versi\u00f3n-ampliada.docx\">Publicaci\u00f3n Efem\u00e9rides 17 ago 20 versi\u00f3n ampliada<\/a><\/p>\n<p><img decoding=\"async\" loading=\"lazy\" class=\"alignnone  wp-image-1664\" src=\"https:\/\/isfd41-bue.infd.edu.ar\/sitio\/wp-content\/uploads\/2020\/08\/LOGO-ORIGINAL-3-1000x962.jpg\" alt=\"\" width=\"213\" height=\"205\" srcset=\"https:\/\/isfd41-bue.infd.edu.ar\/sitio\/wp-content\/uploads\/2020\/08\/LOGO-ORIGINAL-3-1000x962.jpg 1000w, https:\/\/isfd41-bue.infd.edu.ar\/sitio\/wp-content\/uploads\/2020\/08\/LOGO-ORIGINAL-3-768x738.jpg 768w, https:\/\/isfd41-bue.infd.edu.ar\/sitio\/wp-content\/uploads\/2020\/08\/LOGO-ORIGINAL-3.jpg 1483w\" sizes=\"(max-width: 213px) 100vw, 213px\" \/><\/p>\n","protected":false},"excerpt":{"rendered":"<p>Tapa del\u00a0 Libro publicado por la UNLA en\u00a0 2017 con los trabajos de investigaci\u00f3n de las Expediciones Cient\u00edfico Pedag\u00f3gicas Premio al M\u00e9rito Geogr\u00e1fico 2017 ISFD N\u00b041 PROYECTO CIENT\u00cdFICO PEDAG\u00d3GICO CRUCE DE LOS ANDES 2012 Muestra Fotogr\u00e1fica Expedici\u00f3n 2012 Video Expedici\u00f3n 2012 Publicaci\u00f3n Efem\u00e9rides 17 ago 20 versi\u00f3n ampliada<\/p>\n","protected":false},"author":7,"featured_media":0,"parent":0,"menu_order":0,"comment_status":"closed","ping_status":"closed","template":"","meta":[],"acf":[],"_links":{"self":[{"href":"https:\/\/isfd41-bue.infd.edu.ar\/sitio\/wp-json\/wp\/v2\/pages\/916"}],"collection":[{"href":"https:\/\/isfd41-bue.infd.edu.ar\/sitio\/wp-json\/wp\/v2\/pages"}],"about":[{"href":"https:\/\/isfd41-bue.infd.edu.ar\/sitio\/wp-json\/wp\/v2\/types\/page"}],"author":[{"embeddable":true,"href":"https:\/\/isfd41-bue.infd.edu.ar\/sitio\/wp-json\/wp\/v2\/users\/7"}],"replies":[{"embeddable":true,"href":"https:\/\/isfd41-bue.infd.edu.ar\/sitio\/wp-json\/wp\/v2\/comments?post=916"}],"version-history":[{"count":5,"href":"https:\/\/isfd41-bue.infd.edu.ar\/sitio\/wp-json\/wp\/v2\/pages\/916\/revisions"}],"predecessor-version":[{"id":1650,"href":"https:\/\/isfd41-bue.infd.edu.ar\/sitio\/wp-json\/wp\/v2\/pages\/916\/revisions\/1650"}],"wp:attachment":[{"href":"https:\/\/isfd41-bue.infd.edu.ar\/sitio\/wp-json\/wp\/v2\/media?parent=916"}],"curies":[{"name":"wp","href":"https:\/\/api.w.org\/{rel}","templated":true}]}}