{"id":902,"date":"2018-08-29T16:38:32","date_gmt":"2018-08-29T19:38:32","guid":{"rendered":"https:\/\/isfd41-bue.infd.edu.ar\/sitio\/profesorado-de-historia-y-geografia\/"},"modified":"2025-11-13T15:24:54","modified_gmt":"2025-11-13T18:24:54","slug":"profesorado-de-historia-y-geografia","status":"publish","type":"page","link":"https:\/\/isfd41-bue.infd.edu.ar\/sitio\/profesorado-de-historia-y-geografia\/","title":{"rendered":"Profesorado de Historia y Geograf\u00eda"},"content":{"rendered":"\n<p><\/p>\n\n\n<h1>\u00a0<\/h1>\n<h1 style=\"text-align: center;\"><a href=\"https:\/\/isfd41-bue.infd.edu.ar\/sitio\/wp-content\/uploads\/2025\/03\/HORARIOS.Campus.2025.HISTORIA.GEOGRAFIA.pdf\">HORARIOS.2025.HISTORIA.GEOGRAFIA<\/a><\/h1>\n<p>\u00a0<\/p>\n<p style=\"text-align: center;\"><a href=\"https:\/\/drive.google.com\/file\/d\/1dKK-qwZe7HnS8K-zO9x_VWrogEAnSIIN\/view?usp=sharing\"><strong>DISE\u00d1O PROFESORADO DE GEOGRAFIA\u00a0 RES.3608\/22<\/strong><\/a><\/p>\n<p style=\"text-align: center;\"><a href=\"https:\/\/drive.google.com\/file\/d\/1UhK_zEWak6V5Z6n_L72R4CZYvBVUimJn\/view?usp=drive_link\"><strong>DISE\u00d1O DE PROFESORADO DE HISTORIA RES. 3609\/22<\/strong><\/a><\/p>\n<p style=\"text-align: center;\"><span style=\"color: #ff0000;\"><strong style=\"font-size: 32px;\">NUEVO DISE\u00d1O CURRICULAR EN HISTORIA Y GEOGRAF\u00cdA<\/strong><\/span><\/p>\n<p style=\"text-align: center;\"><strong><span style=\"color: #ff0000;\">IMPLEMENTACI\u00d3N<\/span> <span style=\"color: #ff0000;\">DESDE 2023<\/span><\/strong><\/p>\n<p><strong><a href=\"https:\/\/abc.gob.ar\/secretarias\/sites\/default\/files\/2023-02\/IF-2022-40273352-GDEBA-SSEDGCYE%20HISTORIA_compressed.pdf\">PROFESORADO DE EDUCACI\u00d3N SECUNDARIA EN HISTORIA<\/a>-Res. 3609\/22<\/strong><\/p>\n<p><strong><a href=\"https:\/\/abc.gob.ar\/secretarias\/sites\/default\/files\/2023-02\/IF-2022-40272975-GDEBA-SSEDGCYE%20Y%20GEOGRAF%C3%8DA_compressed.pdf\">PROFESORADO DE EDUCACI\u00d3N SECUNDARIA EN GEOGRAF\u00cdA<\/a>-Res. 3608\/22<\/strong><\/p>\n<p style=\"text-align: center;\">\u00a0<\/p>\n<h1 style=\"text-align: center;\"><a href=\"https:\/\/isfd41-bue.infd.edu.ar\/sitio\/wp-content\/uploads\/2024\/11\/PLANILLA-DE-APTITUD-PSICO-FISICA-2025-1.pdf\">PLANILLA DE APTITUD PSICO FISICA 2025<\/a><\/h1>\n<h2>\u00a0<\/h2>\n<h3 style=\"text-align: center;\"><span style=\"color: #3366ff;\"><strong>Regente<\/strong><\/span>: Profesor Sebastian Saade<\/h3>\n<h3 style=\"text-align: center;\"><span style=\"color: #3366ff;\">Jefe de \u00c1rea<\/span>: Profesor Javier D\u00edaz<span style=\"font-size: medium;\">\u00a0 \u00a0<\/span><\/h3>\n<h5 style=\"text-align: center;\">Correo Jefatura: <a href=\"mailto:jefcienciassociales@gmail.com\">jefcienciassociales@gmail.com<\/a><\/h5>\n<h3>\u00a0<\/h3>\n<h3 style=\"text-align: center;\"><span style=\"color: #333399;\"><strong>PRECEPTOR\u00cdA HISTORIA Y GEOGRAF\u00cdA<\/strong><\/span><\/h3>\n<ul>\n<li style=\"text-align: center;\"><strong>Ver\u00f3nica Girardi (<span style=\"color: #ff0000;\">Historia<\/span> <span style=\"color: #ff0000;\">TURNO MA\u00d1ANA<span style=\"color: #000000;\">)<\/span><\/span> &#8211; <span style=\"color: #ff0000;\">Sede Edificio Colombres <\/span><\/strong><\/li>\n<\/ul>\n<p style=\"text-align: center;\"><strong><span style=\"color: #ff0000;\">Correo electr\u00f3nico: <a href=\"mailto:prhistoriacolombres@gmail.com\">prhistoriacolombres@gmail.com<\/a><\/span><\/strong><\/p>\n<p>\u00a0<\/p>\n<ul>\n<li style=\"text-align: center;\"><strong>Marcela Salinas, Norma Oleo y Mat\u00edas Condurzo (<span style=\"color: #000080;\">Historia TURNO VESPERTINO<\/span>) &#8211; <span style=\"color: #000080;\">Sede<\/span> <span style=\"color: #000080;\">Edificio ex Nacional\u00a0 \u00a0 <\/span><\/strong><\/li>\n<\/ul>\n<p style=\"text-align: center;\"><strong><span style=\"color: #000080;\">Correo electr\u00f3nico: <a href=\"mailto:prsociales41@gmail.com\">prsociales41@gmail.com<\/a><\/span><\/strong><\/p>\n<p>\u00a0<\/p>\n<ul>\n<li style=\"text-align: center;\"><b>Cecilia Echarri, Liliana Ferreira y Vanesa Huell (<span style=\"color: #008000;\">Geograf\u00eda TURNO VESPERTINO<\/span>) <strong>\u2013 <span style=\"color: #000080;\"><span style=\"color: #008000;\">Sede Edificio ex Nacional<\/span><\/span><\/strong><\/b><\/li>\n<\/ul>\n<p style=\"text-align: center;\"><b><strong><span style=\"color: #000080;\"><span style=\"color: #ff0000;\"><span style=\"color: #008000;\">Correo electr\u00f3nico:<\/span><\/span> <a href=\"precesgeo41@gmail.com\">precesgeo41@gmail.com<\/a><\/span><\/strong><\/b><\/p>\n<p>\u00a0<\/p>\n<p>\u00a0<\/p>\n<p style=\"text-align: center;\"><a href=\"https:\/\/isfd41-bue.infd.edu.ar\/aula\/acceso.cgi\"><strong>PLATAFORMA VIRTUAL CAMPUS INFOD ISFD 41<\/strong><\/a><\/p>\n<p style=\"text-align: center;\"><strong>PARA ESTUDIANTES DEL 1er, 2do, 3ro, Y 4to A\u00d1O DE HISTORIA Y GEOGRAF\u00cdA<\/strong><\/p>\n<p style=\"text-align: center;\"><strong>(NO PARA ASPIRANTES AL INGRESO)<\/strong><\/p>\n<p style=\"text-align: center;\"><a href=\"http:\/\/isfd41.brown.gob.ar\"><strong>PLATAFORMA VIRTUAL DE INSCRIPCI\u00d3N Y MATRICULACI\u00d3N PARA ESTUDIANTES RECURSANTES DEL 1er A\u00d1O, PARA ESTUDIANTES DE 2do, 3ro, Y 4to A\u00d1O<\/strong><\/a><\/p>\n<p style=\"text-align: center;\">(NO PARA ASPIRANTES AL INGRESO)<\/p>\n\n\n<p><\/p>\n","protected":false},"excerpt":{"rendered":"<p>\u00a0 HORARIOS.2025.HISTORIA.GEOGRAFIA \u00a0 DISE\u00d1O PROFESORADO DE GEOGRAFIA\u00a0 RES.3608\/22 DISE\u00d1O DE PROFESORADO DE HISTORIA RES. 3609\/22 NUEVO DISE\u00d1O CURRICULAR EN HISTORIA Y GEOGRAF\u00cdA IMPLEMENTACI\u00d3N DESDE 2023 PROFESORADO DE EDUCACI\u00d3N SECUNDARIA EN HISTORIA-Res. 3609\/22 PROFESORADO DE EDUCACI\u00d3N SECUNDARIA EN GEOGRAF\u00cdA-Res. 3608\/22 \u00a0 PLANILLA DE APTITUD PSICO FISICA 2025 \u00a0 Regente: Profesor Sebastian Saade Jefe de \u00c1rea: Profesor &#8230; <a title=\"Profesorado de Historia y Geograf\u00eda\" class=\"read-more\" href=\"https:\/\/isfd41-bue.infd.edu.ar\/sitio\/profesorado-de-historia-y-geografia\/\" aria-label=\"More on Profesorado de Historia y Geograf\u00eda\">[+]<\/a><\/p>\n","protected":false},"author":7,"featured_media":0,"parent":0,"menu_order":0,"comment_status":"closed","ping_status":"closed","template":"","meta":[],"acf":[],"_links":{"self":[{"href":"https:\/\/isfd41-bue.infd.edu.ar\/sitio\/wp-json\/wp\/v2\/pages\/902"}],"collection":[{"href":"https:\/\/isfd41-bue.infd.edu.ar\/sitio\/wp-json\/wp\/v2\/pages"}],"about":[{"href":"https:\/\/isfd41-bue.infd.edu.ar\/sitio\/wp-json\/wp\/v2\/types\/page"}],"author":[{"embeddable":true,"href":"https:\/\/isfd41-bue.infd.edu.ar\/sitio\/wp-json\/wp\/v2\/users\/7"}],"replies":[{"embeddable":true,"href":"https:\/\/isfd41-bue.infd.edu.ar\/sitio\/wp-json\/wp\/v2\/comments?post=902"}],"version-history":[{"count":53,"href":"https:\/\/isfd41-bue.infd.edu.ar\/sitio\/wp-json\/wp\/v2\/pages\/902\/revisions"}],"predecessor-version":[{"id":3871,"href":"https:\/\/isfd41-bue.infd.edu.ar\/sitio\/wp-json\/wp\/v2\/pages\/902\/revisions\/3871"}],"wp:attachment":[{"href":"https:\/\/isfd41-bue.infd.edu.ar\/sitio\/wp-json\/wp\/v2\/media?parent=902"}],"curies":[{"name":"wp","href":"https:\/\/api.w.org\/{rel}","templated":true}]}}