{"id":892,"date":"2018-08-29T16:38:28","date_gmt":"2018-08-29T19:38:28","guid":{"rendered":"https:\/\/isfd41-bue.infd.edu.ar\/sitio\/profesorado-de-matematica-2\/"},"modified":"2025-11-04T21:57:13","modified_gmt":"2025-11-05T00:57:13","slug":"profesorado-de-matematica-2","status":"publish","type":"page","link":"https:\/\/isfd41-bue.infd.edu.ar\/sitio\/profesorado-de-matematica-2\/","title":{"rendered":"Profesorado de Matem\u00e1tica"},"content":{"rendered":"<p style=\"text-align: center;\"><!--more--><\/p>\n<p style=\"text-align: center;\"><a href=\"https:\/\/docs.google.com\/presentation\/d\/14nz8SZbMTocXfdHKKN7usc4EPEXbQlTP\/edit?usp=sharing&amp;ouid=105037700987560050827&amp;rtpof=true&amp;sd=true\">INFORMACI\u00d3N PARA INGRESANTES 2025<\/a><\/p>\n<p style=\"text-align: center;\"><img decoding=\"async\" loading=\"lazy\" class=\"alignnone size-medium wp-image-3843\" src=\"https:\/\/isfd41-bue.infd.edu.ar\/sitio\/wp-content\/uploads\/2025\/11\/charla-ingreso-2025-1000x563.jpg\" alt=\"\" width=\"1000\" height=\"563\" srcset=\"https:\/\/isfd41-bue.infd.edu.ar\/sitio\/wp-content\/uploads\/2025\/11\/charla-ingreso-2025-1000x563.jpg 1000w, https:\/\/isfd41-bue.infd.edu.ar\/sitio\/wp-content\/uploads\/2025\/11\/charla-ingreso-2025-1900x1069.jpg 1900w, https:\/\/isfd41-bue.infd.edu.ar\/sitio\/wp-content\/uploads\/2025\/11\/charla-ingreso-2025-768x432.jpg 768w, https:\/\/isfd41-bue.infd.edu.ar\/sitio\/wp-content\/uploads\/2025\/11\/charla-ingreso-2025-1536x864.jpg 1536w, https:\/\/isfd41-bue.infd.edu.ar\/sitio\/wp-content\/uploads\/2025\/11\/charla-ingreso-2025.jpg 1920w\" sizes=\"(max-width: 1000px) 100vw, 1000px\" \/><\/p>\n<p style=\"text-align: center;\"><a href=\"https:\/\/docs.google.com\/document\/d\/1rddYQwwcasQlO3BkMvnDki5ewjVG_OzMpYs_YduVW6k\/edit?usp=sharing\"><span style=\"font-family: arial, helvetica, sans-serif; font-size: 12pt;\" data-mce-mark=\"1\">Plan de estudios<\/span><\/a><\/p>\n<p style=\"text-align: center;\"><a href=\"https:\/\/docs.google.com\/document\/d\/1gwoFJelT4tvF5hifDiOTmePlyDg62R0g\/edit?usp=sharing&amp;ouid=105037700987560050827&amp;rtpof=true&amp;sd=true\">REGIMEN DE CORRELATIVIDADES<\/a><\/p>\n<p style=\"text-align: center;\"><a href=\"https:\/\/docs.google.com\/document\/d\/1s-p0Fpbcu6I7o_bnAS-xo1LDmLXZEABx\/edit?usp=sharing&amp;ouid=105037700987560050827&amp;rtpof=true&amp;sd=true\" data-wplink-edit=\"true\"><span style=\"font-family: arial, helvetica, sans-serif;\">Horarios (los mismos son v\u00e1lidos para el ciclo lectivo en curso)<\/span><\/a><\/p>\n<p style=\"text-align: center;\"><span style=\"font-family: arial, helvetica, sans-serif; font-size: 12pt;\" data-mce-mark=\"1\"><em>Jefa de \u00e1rea: Valeria\u00a0<\/em><\/span><span style=\"font-family: arial, helvetica, sans-serif;\"><i>Mart\u00edn\u00a0 \u00a0 \u00a0vamatin5@abc.gob.ar<\/i><\/span><\/p>\n<p style=\"text-align: center;\">Atenci\u00f3n presencial de jefatura de \u00e1rea: Martes y Mi\u00e9rcoles de 18:45 hs. a 20:30 hs.<\/p>\n<p style=\"text-align: center;\">\u00a0<\/p>\n\n\n<p><\/p>\n","protected":false},"excerpt":{"rendered":"","protected":false},"author":7,"featured_media":0,"parent":0,"menu_order":0,"comment_status":"closed","ping_status":"closed","template":"","meta":[],"acf":[],"_links":{"self":[{"href":"https:\/\/isfd41-bue.infd.edu.ar\/sitio\/wp-json\/wp\/v2\/pages\/892"}],"collection":[{"href":"https:\/\/isfd41-bue.infd.edu.ar\/sitio\/wp-json\/wp\/v2\/pages"}],"about":[{"href":"https:\/\/isfd41-bue.infd.edu.ar\/sitio\/wp-json\/wp\/v2\/types\/page"}],"author":[{"embeddable":true,"href":"https:\/\/isfd41-bue.infd.edu.ar\/sitio\/wp-json\/wp\/v2\/users\/7"}],"replies":[{"embeddable":true,"href":"https:\/\/isfd41-bue.infd.edu.ar\/sitio\/wp-json\/wp\/v2\/comments?post=892"}],"version-history":[{"count":26,"href":"https:\/\/isfd41-bue.infd.edu.ar\/sitio\/wp-json\/wp\/v2\/pages\/892\/revisions"}],"predecessor-version":[{"id":3844,"href":"https:\/\/isfd41-bue.infd.edu.ar\/sitio\/wp-json\/wp\/v2\/pages\/892\/revisions\/3844"}],"wp:attachment":[{"href":"https:\/\/isfd41-bue.infd.edu.ar\/sitio\/wp-json\/wp\/v2\/media?parent=892"}],"curies":[{"name":"wp","href":"https:\/\/api.w.org\/{rel}","templated":true}]}}