{"id":878,"date":"2018-08-29T16:38:22","date_gmt":"2018-08-29T19:38:22","guid":{"rendered":"https:\/\/isfd41-bue.infd.edu.ar\/sitio\/profesorado-de-filosofia-2\/"},"modified":"2025-11-13T15:33:08","modified_gmt":"2025-11-13T18:33:08","slug":"profesorado-de-filosofia-2","status":"publish","type":"page","link":"https:\/\/isfd41-bue.infd.edu.ar\/sitio\/profesorado-de-filosofia-2\/","title":{"rendered":"Profesorado de Filosof\u00eda"},"content":{"rendered":"\n<p><\/p>\n\n\n<h6>\u00a0<\/h6>\n<h3 style=\"text-align: center;\"><a href=\"https:\/\/abc.gob.ar\/secretarias\/sites\/default\/files\/2024-03\/FILOSOF%C3%8DA.pdf\">NUEVO DISE\u00d1O CURRICULAR PROFESORADO DE EDUCACION SECUNDARIA EN FILOSOFIA\u00a0 RES 3603\/22<\/a><\/h3>\n<p>\u00a0<\/p>\n<h3 style=\"text-align: center;\"><a href=\"https:\/\/isfd41-bue.infd.edu.ar\/sitio\/wp-content\/uploads\/2024\/11\/PLANILLA-DE-APTITUD-PSICO-FISICA-2025-1.pdf\">PLANILLA DE APTITUD PSICO FISICA 2025<\/a><\/h3>\n<h6>\u00a0<\/h6>\n<h1 style=\"text-align: center;\"><a href=\"https:\/\/isfd41-bue.infd.edu.ar\/sitio\/wp-content\/uploads\/2025\/03\/HORARIOS-FILOSOFIA-2025-1.pdf\">HORARIOS FILOSOFIA 2025<\/a><\/h1>\n<h3>\u00a0<\/h3>\n<h3 style=\"text-align: center;\"><span style=\"color: #3366ff;\"><strong>Regente<\/strong><\/span>: Profesor Sebastian Saade<\/h3>\n<h3 style=\"text-align: center;\"><span style=\"color: #3366ff;\">Jefe de \u00c1rea<\/span>: Profesora Noem\u00ed Vino<\/h3>\n<p style=\"text-align: center;\"><strong>Correo de jefatura<\/strong>: <a href=\"mailto:nvino@abc.gob.ar\">nvino@abc.gob.ar<\/a><\/p>\n<h4>\u00a0<\/h4>\n<h4 style=\"text-align: center;\"><b><span style=\"color: #333399;\"><strong>PRECEPTOR\u00cdA FILOSOF\u00cdA: <\/strong><\/span>Liliana Ferreira,<\/b><\/h4>\n<h4 style=\"text-align: center;\"><b>Cecilia Echarri y Vanesa Huell<\/b><\/h4>\n<p style=\"text-align: center;\"><strong>Correo electr\u00f3nico<\/strong>: <a href=\"mailto:precesfilo41@gmail.com\">precesfilo41@gmail.com<\/a><\/p>\n<p>\u00a0<\/p>\n<p style=\"text-align: center;\"><a href=\"https:\/\/isfd41-bue.infd.edu.ar\/aula\/acceso.cgi\"><strong>PLATAFORMA VIRTUAL CAMPUS INFOD ISFD 41<\/strong><\/a><\/p>\n<p style=\"text-align: center;\"><strong>PARA ESTUDIANTES DEL 1er, 2do, 3ro, y 4to A\u00d1O<\/strong><\/p>\n<p style=\"text-align: center;\"><strong>(NO PARA ASPIRANTES AL INGRESO)<\/strong><\/p>\n<p style=\"text-align: center;\"><a href=\"http:\/\/isfd41.brown.gob.ar\"><strong>PLATAFORMA VIRTUAL DE INSCRIPCI\u00d3N Y MATRICULACI\u00d3N PARA ESTUDIANTES RECURSANTES DEL 1er A\u00d1O, PARA ESTUDIANTES DE 2do, 3ro, Y 4to A\u00d1O<\/strong><\/a><\/p>\n<p style=\"text-align: center;\"><strong>(NO PARA ASPIRANTES AL INGRESO)<\/strong><\/p>\n<p style=\"text-align: center;\">\u00a0<\/p>\n<p><a title=\"Plan de Estudios\" href=\"index.cgi?wid_item=32&amp;wid_seccion=20\" target=\"_blank\" rel=\"noopener\">\u00a0<\/a><\/p>","protected":false},"excerpt":{"rendered":"<p>\u00a0 NUEVO DISE\u00d1O CURRICULAR PROFESORADO DE EDUCACION SECUNDARIA EN FILOSOFIA\u00a0 RES 3603\/22 \u00a0 PLANILLA DE APTITUD PSICO FISICA 2025 \u00a0 HORARIOS FILOSOFIA 2025 \u00a0 Regente: Profesor Sebastian Saade Jefe de \u00c1rea: Profesora Noem\u00ed Vino Correo de jefatura: nvino@abc.gob.ar \u00a0 PRECEPTOR\u00cdA FILOSOF\u00cdA: Liliana Ferreira, Cecilia Echarri y Vanesa Huell Correo electr\u00f3nico: precesfilo41@gmail.com \u00a0 PLATAFORMA VIRTUAL CAMPUS &#8230; <a title=\"Profesorado de Filosof\u00eda\" class=\"read-more\" href=\"https:\/\/isfd41-bue.infd.edu.ar\/sitio\/profesorado-de-filosofia-2\/\" aria-label=\"More on Profesorado de Filosof\u00eda\">[+]<\/a><\/p>\n","protected":false},"author":7,"featured_media":0,"parent":0,"menu_order":0,"comment_status":"closed","ping_status":"closed","template":"","meta":[],"acf":[],"_links":{"self":[{"href":"https:\/\/isfd41-bue.infd.edu.ar\/sitio\/wp-json\/wp\/v2\/pages\/878"}],"collection":[{"href":"https:\/\/isfd41-bue.infd.edu.ar\/sitio\/wp-json\/wp\/v2\/pages"}],"about":[{"href":"https:\/\/isfd41-bue.infd.edu.ar\/sitio\/wp-json\/wp\/v2\/types\/page"}],"author":[{"embeddable":true,"href":"https:\/\/isfd41-bue.infd.edu.ar\/sitio\/wp-json\/wp\/v2\/users\/7"}],"replies":[{"embeddable":true,"href":"https:\/\/isfd41-bue.infd.edu.ar\/sitio\/wp-json\/wp\/v2\/comments?post=878"}],"version-history":[{"count":36,"href":"https:\/\/isfd41-bue.infd.edu.ar\/sitio\/wp-json\/wp\/v2\/pages\/878\/revisions"}],"predecessor-version":[{"id":3872,"href":"https:\/\/isfd41-bue.infd.edu.ar\/sitio\/wp-json\/wp\/v2\/pages\/878\/revisions\/3872"}],"wp:attachment":[{"href":"https:\/\/isfd41-bue.infd.edu.ar\/sitio\/wp-json\/wp\/v2\/media?parent=878"}],"curies":[{"name":"wp","href":"https:\/\/api.w.org\/{rel}","templated":true}]}}