{"id":859,"date":"2018-08-29T16:38:11","date_gmt":"2018-08-29T19:38:11","guid":{"rendered":"https:\/\/isfd41-bue.infd.edu.ar\/sitio\/plan-de-estudios-y-regimen-de-correlatividades\/"},"modified":"2020-06-24T20:11:49","modified_gmt":"2020-06-24T23:11:49","slug":"plan-de-estudios-y-regimen-de-correlatividades","status":"publish","type":"page","link":"https:\/\/isfd41-bue.infd.edu.ar\/sitio\/plan-de-estudios-y-regimen-de-correlatividades\/","title":{"rendered":"Plan de Estudios y R\u00e9gimen de correlatividades"},"content":{"rendered":"<p><span style=\"font-size: 14pt; color: #000000;\"><em><a title=\"Profesorado de Filosof\u00eda\" href=\"index.cgi?wid_seccion=20\"><span style=\"color: #000000;\">Profesorado en Filosof\u00eda<\/span><\/a><\/em><\/span><\/p>\n<p><span style=\"color: #000000;\">\u00a0<\/span><\/p>\n<p><span style=\"color: #000000;\"><a title=\"Profesorado de Filosof\u00eda\" href=\"index.cgi?wid_seccion=20\"><span style=\"color: #000000;\"><strong>PRIMER A\u00d1O<\/strong><\/span><\/a><\/span><\/p>\n<p><span style=\"color: #000000;\"><a title=\"Profesorado de Filosof\u00eda\" href=\"index.cgi?wid_seccion=20\"><span style=\"color: #000000;\">Perspectiva Filos\u00f3fico-Pedag\u00f3gica I<\/span><\/a><\/span><\/p>\n<p><span style=\"color: #000000;\"><a title=\"Profesorado de Filosof\u00eda\" href=\"index.cgi?wid_seccion=20\"><span style=\"color: #000000;\">Perspectiva Pedag\u00f3gico-Did\u00e1ctica I<\/span><\/a><\/span><\/p>\n<p><span style=\"color: #000000;\"><span style=\"color: #000000;\">Psicologia y cultura en la educacion<\/span><\/span><\/p>\n<p><span style=\"color: #000000;\"><a title=\"Profesorado de Filosof\u00eda\" href=\"index.cgi?wid_seccion=20\"><span style=\"color: #000000;\">Perspectiva Socio-Pol\u00edtica<\/span><\/a><\/span><\/p>\n<p><span style=\"color: #000000;\"><a title=\"Profesorado de Filosof\u00eda\" href=\"index.cgi?wid_seccion=20\"><span style=\"color: #000000;\">Historia de la Filosof\u00eda Antigua<\/span><\/a><\/span><\/p>\n<p><span style=\"color: #000000;\"><a title=\"Profesorado de Filosof\u00eda\" href=\"index.cgi?wid_seccion=20\"><span style=\"color: #000000;\">L\u00f3gica y Teor\u00eda de la Argumentaci\u00f3n<\/span><\/a><\/span><\/p>\n<p><span style=\"color: #000000;\"><a title=\"Profesorado de Filosof\u00eda\" href=\"index.cgi?wid_seccion=20\"><span style=\"color: #000000;\">Lengua I<\/span><\/a>\u00a0(Griego)<\/span><\/p>\n<p><span style=\"color: #000000;\"><a title=\"Profesorado de Filosof\u00eda\" href=\"index.cgi?wid_seccion=20\"><span style=\"color: #000000;\">E.D.<\/span><\/a>I. (Historia Antigua)<\/span><\/p>\n<p><span style=\"color: #000000;\"><a title=\"Profesorado de Filosof\u00eda\" href=\"index.cgi?wid_seccion=20\"><span style=\"color: #000000;\">Espacio de la Pr\u00e1ctica Docente I<\/span><\/a><\/span><\/p>\n<p><span style=\"color: #000000;\"><a title=\"Profesorado de Filosof\u00eda\" href=\"index.cgi?wid_seccion=20\"><span style=\"color: #000000;\">\u00a0<\/span><\/a><\/span><\/p>\n<p><span style=\"color: #000000;\"><a title=\"Profesorado de Filosof\u00eda\" href=\"index.cgi?wid_seccion=20\"><span style=\"color: #000000;\"><strong>SEGUNDO A\u00d1O<\/strong><\/span><\/a><\/span><\/p>\n<p><span style=\"color: #000000;\"><a title=\"Profesorado de Filosof\u00eda\" href=\"index.cgi?wid_seccion=20\"><span style=\"color: #000000;\">Perspectiva Filos\u00f3fico-Pedag\u00f3gica II<\/span><\/a><\/span><\/p>\n<p><span style=\"color: #000000;\"><a title=\"Profesorado de Filosof\u00eda\" href=\"index.cgi?wid_seccion=20\"><span style=\"color: #000000;\">Perspectiva Pedag\u00f3gico-Did\u00e1ctica II<\/span><\/a><\/span><\/p>\n<p><span style=\"color: #000000;\"><a title=\"Profesorado de Filosof\u00eda\" href=\"index.cgi?wid_seccion=20\"><span style=\"color: #000000;\">Psicolog\u00eda y Cultura del Alumno de Educaci\u00f3n Polimodal<\/span><\/a><\/span><\/p>\n<p><span style=\"color: #000000;\"><a title=\"Profesorado de Filosof\u00eda\" href=\"index.cgi?wid_seccion=20\"><span style=\"color: #000000;\">Historia de la Filosof\u00eda Medieval<\/span><\/a><\/span><\/p>\n<p><span style=\"color: #000000;\"><a title=\"Profesorado de Filosof\u00eda\" href=\"index.cgi?wid_seccion=20\"><span style=\"color: #000000;\">Antropolog\u00eda Filos\u00f3fica<\/span><\/a><\/span><\/p>\n<p><span style=\"color: #000000;\"><a title=\"Profesorado de Filosof\u00eda\" href=\"index.cgi?wid_seccion=20\"><span style=\"color: #000000;\">Filosof\u00eda de las Ciencias<\/span><\/a><\/span><\/p>\n<p><span style=\"color: #000000;\"><a title=\"Profesorado de Filosof\u00eda\" href=\"index.cgi?wid_seccion=20\"><span style=\"color: #000000;\">Lengua II<\/span><\/a>\u00a0(Griego)<\/span><\/p>\n<p><span style=\"color: #000000;\"><a title=\"Profesorado de Filosof\u00eda\" href=\"index.cgi?wid_seccion=20\"><span style=\"color: #000000;\">E.D.I.<\/span><\/a>\u00a0(Historia Medieval)<\/span><\/p>\n<p><span style=\"color: #000000;\"><a title=\"Profesorado de Filosof\u00eda\" href=\"index.cgi?wid_seccion=20\"><span style=\"color: #000000;\">Espacio de la Pr\u00e1ctica Docente II<\/span><\/a><\/span><\/p>\n<p><span style=\"color: #000000;\"><a title=\"Profesorado de Filosof\u00eda\" href=\"index.cgi?wid_seccion=20\"><span style=\"color: #000000;\">\u00a0<\/span><\/a><\/span><\/p>\n<p><span style=\"color: #000000;\"><a title=\"Profesorado de Filosof\u00eda\" href=\"index.cgi?wid_seccion=20\"><span style=\"color: #000000;\"><strong>TERCER A\u00d1O<\/strong><\/span><\/a><\/span><\/p>\n<p><span style=\"color: #000000;\"><a title=\"Profesorado de Filosof\u00eda\" href=\"index.cgi?wid_seccion=20\"><span style=\"color: #000000;\">Perspectiva Filos\u00f3fico-Pedag\u00f3gico-Did\u00e1ctica<\/span><\/a><\/span><\/p>\n<p><span style=\"color: #000000;\"><a title=\"Profesorado de Filosof\u00eda\" href=\"index.cgi?wid_seccion=20\"><span style=\"color: #000000;\">Perspectiva Pol\u00edtico-Institucional<\/span><\/a><\/span><\/p>\n<p><span style=\"color: #000000;\"><a title=\"Profesorado de Filosof\u00eda\" href=\"index.cgi?wid_seccion=20\"><span style=\"color: #000000;\">Historia de la Filosof\u00eda Moderna<\/span><\/a><\/span><\/p>\n<p><span style=\"color: #000000;\"><a title=\"Profesorado de Filosof\u00eda\" href=\"index.cgi?wid_seccion=20\"><span style=\"color: #000000;\">Metaf\u00edsica<\/span><\/a><\/span><\/p>\n<p><span style=\"color: #000000;\"><a title=\"Profesorado de Filosof\u00eda\" href=\"index.cgi?wid_seccion=20\"><span style=\"color: #000000;\">Gnoseolog\u00eda<\/span><\/a><\/span><\/p>\n<p><span style=\"color: #000000;\"><a title=\"Profesorado de Filosof\u00eda\" href=\"index.cgi?wid_seccion=20\"><span style=\"color: #000000;\">\u00c9tica I<\/span><\/a><\/span><\/p>\n<p><span style=\"color: #000000;\"><a title=\"Profesorado de Filosof\u00eda\" href=\"index.cgi?wid_seccion=20\"><span style=\"color: #000000;\">Filosof\u00eda de las Ciencias II<\/span><\/a><\/span><\/p>\n<p><span style=\"color: #000000;\"><a title=\"Profesorado de Filosof\u00eda\" href=\"index.cgi?wid_seccion=20\"><span style=\"color: #000000;\">E.D.I.<\/span><\/a>\u00a0(Historia Moderna)<\/span><\/p>\n<p><span style=\"color: #000000;\"><a title=\"Profesorado de Filosof\u00eda\" href=\"index.cgi?wid_seccion=20\"><span style=\"color: #000000;\">Espacio de la Pr\u00e1ctica Docente III<\/span><\/a><\/span><\/p>\n<p><span style=\"color: #000000;\"><a title=\"Profesorado de Filosof\u00eda\" href=\"index.cgi?wid_seccion=20\"><span style=\"color: #000000;\">\u00a0<\/span><\/a><\/span><\/p>\n<p><span style=\"color: #000000;\"><a title=\"Profesorado de Filosof\u00eda\" href=\"index.cgi?wid_seccion=20\"><span style=\"color: #000000;\"><strong>CUARTO A\u00d1O<\/strong><\/span><\/a><\/span><\/p>\n<p><span style=\"color: #000000;\"><a title=\"Profesorado de Filosof\u00eda\" href=\"index.cgi?wid_seccion=20\"><span style=\"color: #000000;\">Historia de la Filosof\u00eda Contempor\u00e1nea<\/span><\/a><\/span><\/p>\n<p><span style=\"color: #000000;\"><a title=\"Profesorado de Filosof\u00eda\" href=\"index.cgi?wid_seccion=20\"><span style=\"color: #000000;\">Filosof\u00eda del Lenguaje<\/span><\/a><\/span><\/p>\n<p><span style=\"color: #000000;\"><a title=\"Profesorado de Filosof\u00eda\" href=\"index.cgi?wid_seccion=20\"><span style=\"color: #000000;\">Est\u00e9tica<\/span><\/a><\/span><\/p>\n<p><span style=\"color: #000000;\"><a title=\"Profesorado de Filosof\u00eda\" href=\"index.cgi?wid_seccion=20\"><span style=\"color: #000000;\">\u00c9tica II<\/span><\/a><\/span><\/p>\n<p><span style=\"color: #000000;\"><a title=\"Profesorado de Filosof\u00eda\" href=\"index.cgi?wid_seccion=20\"><span style=\"color: #000000;\">Filosof\u00eda del Derecho<\/span><\/a><\/span><\/p>\n<p><span style=\"color: #000000;\"><a title=\"Profesorado de Filosof\u00eda\" href=\"index.cgi?wid_seccion=20\"><span style=\"color: #000000;\">Filosof\u00eda Pol\u00edtica y Teor\u00eda Constitucional Argentina<\/span><\/a><\/span><\/p>\n<p><span style=\"color: #000000;\"><a title=\"Profesorado de Filosof\u00eda\" href=\"index.cgi?wid_seccion=20\"><span style=\"color: #000000;\">Orientaci\u00f3n en Investigaci\u00f3n Filos\u00f3fica<\/span><\/a><\/span><\/p>\n<p><span style=\"color: #000000;\"><a title=\"Profesorado de Filosof\u00eda\" href=\"index.cgi?wid_seccion=20\"><span style=\"color: #000000;\">E.D.I.<\/span><\/a>\u00a0(Historia Contemporanea)<\/span><\/p>\n<p><span style=\"color: #000000;\"><a title=\"Profesorado de Filosof\u00eda\" href=\"index.cgi?wid_seccion=20\"><span style=\"color: #000000;\">Espacio de la Pr\u00e1ctica Docente IV<\/span><\/a><\/span><\/p>\n<p>&nbsp;<\/p>\n<table style=\"margin-left: auto; margin-right: auto;\" border=\"1\" cellspacing=\"0\" cellpadding=\"0\">\n<tbody>\n<tr>\n<td valign=\"top\" width=\"396\"><strong>\u00a0 \u00a0 \u00a0 \u00a0 \u00a0 \u00a0 \u00a0 \u00a0 <span style=\"font-size: 12pt;\">R\u00c9GIMEN DE CORRELATIVIDADES<\/span><\/strong><\/td>\n<\/tr>\n<\/tbody>\n<\/table>\n<p style=\"text-align: center;\"><span style=\"background-color: #888888;\"><strong><span style=\"background-color: #ffffff;\"><span style=\"font-size: 14pt;\">\u00a0<\/span><\/span><span style=\"color: #000000; font-size: 14pt; background-color: #ffffff;\">SEGUNDO A\u00d1O<\/span><\/strong><\/span><\/p>\n<p style=\"text-align: center;\"><strong>\u00a0 \u00a0 \u00a0 \u00a0 \u00a0 \u00a0ESPACIO CURRICULAR\u00a0 \u00a0 \u00a0 \u00a0 \u00a0 \u00a0 \u00a0 \u00a0 \u00a0 \u00a0 \u00a0 \u00a0 \u00a0 \u00a0 \u00a0 \u00a0 \u00a0 \u00a0REQUISITOS PARA CURSAR<br \/>\n<\/strong><br \/>\n(Acreditados al comienzo del Ciclo Lectivo o en condiciones de compensar hasta julio-agosto, por ser correlativos*)<\/p>\n<p>&nbsp;<\/p>\n<table style=\"margin-left: auto; margin-right: auto;\" border=\"1\" cellspacing=\"0\" cellpadding=\"0\">\n<tbody>\n<tr>\n<td valign=\"top\" width=\"540\"><strong>\u2022 Perspectiva Filos\u00f3fico-Pedag\u00f3gica II \u00a0<\/strong><\/td>\n<td>\u2022 Perspectiva Filos\u00f3fico-Pedag\u00f3gica I<\/td>\n<\/tr>\n<\/tbody>\n<\/table>\n<table style=\"margin-left: auto; margin-right: auto;\" border=\"1\" cellspacing=\"0\" cellpadding=\"0\">\n<tbody>\n<tr>\n<td valign=\"top\" width=\"540\"><strong>\u2022 Perspectiva Pedag\u00f3gico-Did\u00e1ctica II<\/strong><\/td>\n<td>\u2022 Perspectiva Pedag\u00f3gico-Did\u00e1ctica<\/td>\n<\/tr>\n<\/tbody>\n<\/table>\n<table style=\"margin-left: auto; margin-right: auto;\" border=\"1\" cellspacing=\"0\" cellpadding=\"0\">\n<tbody>\n<tr>\n<td valign=\"top\" width=\"540\"><strong>\u2022 Psicolog\u00eda y Cultura del Alumno de Educaci\u00f3n Polimodal<\/strong><\/td>\n<td>\u2022 Psicolog\u00eda y Cultura en la Educaci\u00f3n<\/td>\n<\/tr>\n<\/tbody>\n<\/table>\n<table style=\"margin-left: auto; margin-right: auto;\" border=\"1\" cellspacing=\"0\" cellpadding=\"0\">\n<tbody>\n<tr>\n<td valign=\"top\" width=\"540\"><strong>\u2022 Historia de la Filosof\u00eda Medieval\u00a0<\/strong><\/td>\n<td>\u2022 Historia de la Filosof\u00eda Antigua<\/td>\n<\/tr>\n<\/tbody>\n<\/table>\n<table style=\"margin-left: auto; margin-right: auto;\" border=\"1\" cellspacing=\"0\" cellpadding=\"0\">\n<tbody>\n<tr>\n<td valign=\"top\" width=\"540\"><strong>\u2022 Antropolog\u00eda Filos\u00f3fica<\/strong><\/td>\n<td>\u2022\u00a0Historia de la Filosof\u00eda Antigua<\/td>\n<\/tr>\n<\/tbody>\n<\/table>\n<table style=\"margin-left: auto; margin-right: auto;\" border=\"1\" cellspacing=\"0\" cellpadding=\"0\">\n<tbody>\n<tr>\n<td valign=\"top\" width=\"540\"><strong>\u2022 Filosof\u00eda de la Ciencia I<\/strong><\/td>\n<td>\u2022 L\u00f3gica y Teor\u00eda de la Argumentaci\u00f3n<\/td>\n<\/tr>\n<\/tbody>\n<\/table>\n<table style=\"margin-left: auto; margin-right: auto;\" border=\"1\" cellspacing=\"0\" cellpadding=\"0\">\n<tbody>\n<tr>\n<td valign=\"top\" width=\"540\"><strong>\u2022 Lengua II<\/strong><\/td>\n<td>\u2022 Lengua I<\/td>\n<\/tr>\n<\/tbody>\n<\/table>\n<table style=\"margin-left: auto; margin-right: auto;\" border=\"1\" cellspacing=\"0\" cellpadding=\"0\">\n<tbody>\n<tr>\n<td valign=\"top\" width=\"540\"><strong>\u2022 Espacio de la Pr\u00e1ctica Docente II\u00a0<\/strong><\/td>\n<td>\u2022 Todos los Espacios Curriculares de Primero\u00a0 \u00a0 \u00a0 \u00a0 \u00a0 \u00a0 \u00a0 \u00a0\u2022Aptitud Fonoaudiol\u00f3gica<\/td>\n<\/tr>\n<\/tbody>\n<\/table>\n<table style=\"margin-left: auto; margin-right: auto;\" border=\"1\" cellspacing=\"0\" cellpadding=\"0\">\n<tbody>\n<tr>\n<td valign=\"top\" width=\"540\"><strong>\u00a0\u2022\u00a0EDI II (Historia medieval)<\/strong><\/td>\n<td>\u2022 EDI I (Historia antigua)<\/td>\n<\/tr>\n<\/tbody>\n<\/table>\n<p style=\"text-align: center;\"><span style=\"background-color: #888888;\"><strong><span style=\"background-color: #ffffff;\"><span style=\"font-size: 14pt;\">\u00a0<\/span><\/span><span style=\"color: #000000; font-size: 14pt; background-color: #ffffff;\">TERCER A\u00d1O<\/span><\/strong><\/span><\/p>\n<p style=\"text-align: center;\"><strong>\u00a0 \u00a0 \u00a0 \u00a0 \u00a0 \u00a0ESPACIO CURRICULAR\u00a0 \u00a0 \u00a0 \u00a0 \u00a0 \u00a0 \u00a0 \u00a0 \u00a0 \u00a0 \u00a0 \u00a0 \u00a0 \u00a0 \u00a0 \u00a0 \u00a0 \u00a0REQUISITOS PARA CURSAR<br \/>\n<\/strong><br \/>\n(Acreditados al comienzo del Ciclo Lectivo o en condiciones de compensar hasta julio-agosto, por ser correlativos*)<\/p>\n<p>&nbsp;<\/p>\n<table style=\"margin-left: auto; margin-right: auto;\" border=\"1\" cellspacing=\"0\" cellpadding=\"0\">\n<tbody>\n<tr>\n<td valign=\"top\" width=\"540\">\u2022 <strong>Perspectiva Filos\u00f3fico-Pedag\u00f3gico-Did\u00e1ctica<\/strong><\/td>\n<td>\u2022 Perspectiva Filos\u00f3fico-Pedag\u00f3gica II\u00a0 \u00a0 \u00a0 \u00a0 \u00a0 \u00a0 \u00a0 \u00a0 \u00a0 \u00a0 \u00a0 \u00a0 \u00a0 \u00a0 \u00a0 \u00a0 \u00a0 \u00a0 \u00a0 \u2022 Perspectiva Pedag\u00f3gico-Did\u00e1ctica II\u00a0 \u00a0 \u00a0 \u00a0 \u00a0 \u00a0 \u00a0 \u00a0 \u00a0 \u00a0 \u00a0 \u00a0 \u00a0 \u00a0 \u00a0 \u00a0 \u00a0 \u00a0 \u00a0 \u2022 Psicolog\u00eda y Cultura del Alumno II<\/td>\n<\/tr>\n<\/tbody>\n<\/table>\n<p>&nbsp;<\/p>\n<table style=\"margin-left: auto; margin-right: auto;\" border=\"1\" cellspacing=\"0\" cellpadding=\"0\">\n<tbody>\n<tr>\n<td valign=\"top\" width=\"540\"><strong>\u2022 Perspectiva Pol\u00edtico-Institucional\u00a0<\/strong><\/td>\n<td>\u2022 Perspectiva Socio-Pol\u00edtica<\/td>\n<\/tr>\n<\/tbody>\n<\/table>\n<table style=\"margin-left: auto; margin-right: auto;\" border=\"1\" cellspacing=\"0\" cellpadding=\"0\">\n<tbody>\n<tr>\n<td valign=\"top\" width=\"540\"><strong>\u2022 Historia de la Filosof\u00eda Moderna<\/strong><\/td>\n<td>\u2022 Historia de la Filosof\u00eda Medieval<\/td>\n<\/tr>\n<\/tbody>\n<\/table>\n<table style=\"margin-left: auto; margin-right: auto;\" border=\"1\" cellspacing=\"0\" cellpadding=\"0\">\n<tbody>\n<tr>\n<td valign=\"top\" width=\"540\"><strong>\u2022 Metaf\u00edsica<\/strong><\/td>\n<td>\u2022 Historia de la Filosof\u00eda Medieval \u2022Antropolog\u00eda Filos\u00f3fica<\/td>\n<\/tr>\n<\/tbody>\n<\/table>\n<table style=\"margin-left: auto; margin-right: auto;\" border=\"1\" cellspacing=\"0\" cellpadding=\"0\">\n<tbody>\n<tr>\n<td valign=\"top\" width=\"540\"><strong>\u2022 Gnoseolog\u00eda<\/strong><\/td>\n<td>\u2022 Historia de la Filosof\u00eda Medieval \u2022 Antropolog\u00eda Filos\u00f3fica \u2022Filosof\u00eda de las ciencias I<\/td>\n<\/tr>\n<\/tbody>\n<\/table>\n<table style=\"margin-left: auto; margin-right: auto;\" border=\"1\" cellspacing=\"0\" cellpadding=\"0\">\n<tbody>\n<tr>\n<td valign=\"top\" width=\"540\"><strong>\u2022 \u00c9tica I<\/strong><\/td>\n<td>\u2022 Historia de la Filosof\u00eda Medieval \u2022Antropolog\u00eda Filos\u00f3fica<\/td>\n<\/tr>\n<\/tbody>\n<\/table>\n<table style=\"margin-left: auto; margin-right: auto;\" border=\"1\" cellspacing=\"0\" cellpadding=\"0\">\n<tbody>\n<tr>\n<td valign=\"top\" width=\"540\"><strong>\u2022 Filosof\u00eda de las ciencias II<\/strong><\/td>\n<td>\u2022Filosof\u00eda de las ciencias I<\/td>\n<\/tr>\n<\/tbody>\n<\/table>\n<table style=\"margin-left: auto; margin-right: auto;\" border=\"1\" cellspacing=\"0\" cellpadding=\"0\">\n<tbody>\n<tr>\n<td valign=\"top\" width=\"540\"><strong>\u2022 EDI III: Historia Moderna<\/strong><\/td>\n<td>\u2022EDI II: Historia Medieval<\/td>\n<\/tr>\n<\/tbody>\n<\/table>\n<table style=\"margin-left: auto; margin-right: auto;\" border=\"1\" cellspacing=\"0\" cellpadding=\"0\">\n<tbody>\n<tr>\n<td valign=\"top\" width=\"540\"><strong>\u2022 Espacio de la Pr\u00e1ctica Docente III<\/strong><\/td>\n<td>\u2022 Todos los finales de Primero + Todas las cursadas de Segundo<\/td>\n<\/tr>\n<\/tbody>\n<\/table>\n<p style=\"text-align: center;\"><span style=\"background-color: #888888;\"><strong><span style=\"background-color: #ffffff;\"><span style=\"font-size: 14pt;\">\u00a0CUARTO<\/span><\/span><span style=\"color: #000000; font-size: 14pt; background-color: #ffffff;\">\u00a0A\u00d1O<\/span><\/strong><\/span><\/p>\n<p style=\"text-align: center;\"><strong>\u00a0 \u00a0 \u00a0 \u00a0 \u00a0 \u00a0ESPACIO CURRICULAR\u00a0 \u00a0 \u00a0 \u00a0 \u00a0 \u00a0 \u00a0 \u00a0 \u00a0 \u00a0 \u00a0 \u00a0 \u00a0 \u00a0 \u00a0 \u00a0 \u00a0 \u00a0REQUISITOS PARA CURSAR<br \/>\n<\/strong><br \/>\n(Acreditados al comienzo del Ciclo Lectivo o en condiciones de compensar hasta julio-agosto, por ser correlativos*)<\/p>\n<p>&nbsp;<\/p>\n<table style=\"margin-left: auto; margin-right: auto;\" border=\"1\" cellspacing=\"0\" cellpadding=\"0\">\n<tbody>\n<tr>\n<td valign=\"top\" width=\"540\"><strong>\u2022 Historia de la Filosof\u00eda Contempor\u00e1nea<\/strong><\/td>\n<td>\u2022 Historia de la Filosof\u00eda Moderna<\/td>\n<\/tr>\n<\/tbody>\n<\/table>\n<table style=\"margin-left: auto; margin-right: auto;\" border=\"1\" cellspacing=\"0\" cellpadding=\"0\">\n<tbody>\n<tr>\n<td valign=\"top\" width=\"540\"><strong>\u2022 Filosof\u00eda\u00a0 del Lenguaje<\/strong><\/td>\n<td>\u2022 Historia de la Filosof\u00eda Moderna \u2022 \u00a0Gnoseolog\u00eda \u2022\u00a0Perspectiva Pedag\u00f3gico-Did\u00e1ctica I<\/td>\n<\/tr>\n<\/tbody>\n<\/table>\n<table style=\"margin-left: auto; margin-right: auto;\" border=\"1\" cellspacing=\"0\" cellpadding=\"0\">\n<tbody>\n<tr>\n<td valign=\"top\" width=\"540\"><strong>\u2022Est\u00e9tica\u00a0<\/strong><\/td>\n<td>\u2022 Historia de la Filosof\u00eda Moderna \u2022 Gnoseolog\u00eda\u00a0 \u00a0 \u00a0 \u00a0 \u00a0 \u00a0 \u00a0 \u00a0 \u00a0 \u00a0\u2022 Metaf\u00edsica<\/td>\n<\/tr>\n<\/tbody>\n<\/table>\n<table style=\"margin-left: auto; margin-right: auto;\" border=\"1\" cellspacing=\"0\" cellpadding=\"0\">\n<tbody>\n<tr>\n<td valign=\"top\" width=\"540\"><strong>\u2022\u00a0Filosof\u00eda del Derecho\u00a0<\/strong><\/td>\n<td>\u2022 Historia de la Filosof\u00eda Moderna \u2022 \u00c9tica I<\/td>\n<\/tr>\n<\/tbody>\n<\/table>\n<table style=\"margin-left: auto; margin-right: auto;\" border=\"1\" cellspacing=\"0\" cellpadding=\"0\">\n<tbody>\n<tr>\n<td valign=\"top\" width=\"540\"><strong>\u2022 \u00c9tica II\u00a0<\/strong><\/td>\n<td>\u2022 Historia de la Filosof\u00eda Moderna \u2022 \u00c9tica I<\/td>\n<\/tr>\n<\/tbody>\n<\/table>\n<table style=\"margin-left: auto; margin-right: auto;\" border=\"1\" cellspacing=\"0\" cellpadding=\"0\">\n<tbody>\n<tr>\n<td valign=\"top\" width=\"540\"><strong>\u2022 Filosof\u00eda Pol\u00edtica y Teor\u00eda Constitucional Argentina\u00a0<\/strong><\/td>\n<td>\u2022 Historia de la Filosof\u00eda Moderna \u2022 \u00c9tica I<\/td>\n<\/tr>\n<\/tbody>\n<\/table>\n<table style=\"margin-left: auto; margin-right: auto;\" border=\"1\" cellspacing=\"0\" cellpadding=\"0\">\n<tbody>\n<tr>\n<td valign=\"top\" width=\"540\"><strong>\u2022 Orientaci\u00f3n en Investigaci\u00f3n Filos\u00f3fica<\/strong><\/td>\n<td>\u2022\u00a0La totalidad de los Espacios curriculares de 2do. y\u00a0\u00a03er. A\u00f1o<\/td>\n<\/tr>\n<\/tbody>\n<\/table>\n<table style=\"margin-left: auto; margin-right: auto;\" border=\"1\" cellspacing=\"0\" cellpadding=\"0\">\n<tbody>\n<tr>\n<td valign=\"top\" width=\"540\"><strong>\u2022 EDI IV: Problemas de la Filosof\u00eda Contempor\u00e1nea\u00a0<\/strong><\/td>\n<td>\u2022 EDI III (Historia moderna)<\/td>\n<\/tr>\n<\/tbody>\n<\/table>\n<table style=\"margin-left: auto; margin-right: auto;\" border=\"1\" cellspacing=\"0\" cellpadding=\"0\">\n<tbody>\n<tr>\n<td valign=\"top\" width=\"540\"><strong>\u2022 Espacio de la Pr\u00e1ctica Docente IV.\u00a0<\/strong><\/td>\n<td>\u2022 La totalidad de los Espacios Curriculares de Segundo y Tercer A\u00f1o<\/td>\n<\/tr>\n<\/tbody>\n<\/table>\n","protected":false},"excerpt":{"rendered":"<p>Profesorado en Filosof\u00eda \u00a0 PRIMER A\u00d1O Perspectiva Filos\u00f3fico-Pedag\u00f3gica I Perspectiva Pedag\u00f3gico-Did\u00e1ctica I Psicologia y cultura en la educacion Perspectiva Socio-Pol\u00edtica Historia de la Filosof\u00eda Antigua L\u00f3gica y Teor\u00eda de la Argumentaci\u00f3n Lengua I\u00a0(Griego) E.D.I. (Historia Antigua) Espacio de la Pr\u00e1ctica Docente I \u00a0 SEGUNDO A\u00d1O Perspectiva Filos\u00f3fico-Pedag\u00f3gica II Perspectiva Pedag\u00f3gico-Did\u00e1ctica II Psicolog\u00eda y Cultura del &#8230; <a title=\"Plan de Estudios y R\u00e9gimen de correlatividades\" class=\"read-more\" href=\"https:\/\/isfd41-bue.infd.edu.ar\/sitio\/plan-de-estudios-y-regimen-de-correlatividades\/\" aria-label=\"More on Plan de Estudios y R\u00e9gimen de correlatividades\">[+]<\/a><\/p>\n","protected":false},"author":7,"featured_media":0,"parent":0,"menu_order":0,"comment_status":"closed","ping_status":"closed","template":"","meta":[],"acf":[],"_links":{"self":[{"href":"https:\/\/isfd41-bue.infd.edu.ar\/sitio\/wp-json\/wp\/v2\/pages\/859"}],"collection":[{"href":"https:\/\/isfd41-bue.infd.edu.ar\/sitio\/wp-json\/wp\/v2\/pages"}],"about":[{"href":"https:\/\/isfd41-bue.infd.edu.ar\/sitio\/wp-json\/wp\/v2\/types\/page"}],"author":[{"embeddable":true,"href":"https:\/\/isfd41-bue.infd.edu.ar\/sitio\/wp-json\/wp\/v2\/users\/7"}],"replies":[{"embeddable":true,"href":"https:\/\/isfd41-bue.infd.edu.ar\/sitio\/wp-json\/wp\/v2\/comments?post=859"}],"version-history":[{"count":5,"href":"https:\/\/isfd41-bue.infd.edu.ar\/sitio\/wp-json\/wp\/v2\/pages\/859\/revisions"}],"predecessor-version":[{"id":1587,"href":"https:\/\/isfd41-bue.infd.edu.ar\/sitio\/wp-json\/wp\/v2\/pages\/859\/revisions\/1587"}],"wp:attachment":[{"href":"https:\/\/isfd41-bue.infd.edu.ar\/sitio\/wp-json\/wp\/v2\/media?parent=859"}],"curies":[{"name":"wp","href":"https:\/\/api.w.org\/{rel}","templated":true}]}}