{"id":851,"date":"2018-08-29T16:38:08","date_gmt":"2018-08-29T19:38:08","guid":{"rendered":"https:\/\/isfd41-bue.infd.edu.ar\/sitio\/autoridades\/"},"modified":"2025-12-04T21:22:03","modified_gmt":"2025-12-05T00:22:03","slug":"autoridades","status":"publish","type":"page","link":"https:\/\/isfd41-bue.infd.edu.ar\/sitio\/autoridades\/","title":{"rendered":"Autoridades"},"content":{"rendered":"<p class=\"Texto_arial\" style=\"text-align: left;\"><span style=\"font-size: 12pt; font-family: times new roman,times;\" data-mce-mark=\"1\"><strong><span style=\"text-decoration: underline;\" data-mce-mark=\"1\">Directora<\/span><\/strong><span style=\"text-decoration: underline;\" data-mce-mark=\"1\"><br \/>\n<\/span> <\/span><\/p>\n<ul>\n<li>\n<h2><strong style=\"color: #000080; font-family: 'times new roman', times; font-size: 18pt;\"><span data-mce-mark=\"1\">Prof. Susana Elola<\/span><\/strong><\/h2>\n<\/li>\n<\/ul>\n<p class=\"Texto_arial\" style=\"text-align: left;\"><span style=\"font-size: 12pt; font-family: times new roman,times;\" data-mce-mark=\"1\"><strong><span style=\"text-decoration: underline;\" data-mce-mark=\"1\">Regentes<\/span><\/strong>\u00a0 \u00a0\u00a0<\/span><\/p>\n<ul>\n<li>\n<h6 style=\"text-align: left;\"><span style=\"color: #3366ff;\">Prof. Alejandra Zorzano<\/span><\/h6>\n<\/li>\n<li>\n<h6><span style=\"color: #3366ff;\">Prof. Sebastian Saade <\/span><\/h6>\n<\/li>\n<li>\n<h6><span style=\"color: #3366ff;\">Prof. Cecilia Herrera<\/span><\/h6>\n<\/li>\n<li>\n<h6><span style=\"color: #3366ff;\">Prof. Francisca Sanabria<\/span><\/h6>\n<\/li>\n<\/ul>\n<p class=\"Texto_arial\"><span style=\"font-size: 12pt; font-family: times new roman,times;\" data-mce-mark=\"1\"><span style=\"text-decoration: underline;\" data-mce-mark=\"1\"><strong>Secretaria<\/strong>\u00a0<\/span>\u00a0\u00a0 <\/span><\/p>\n<ul>\n<li><span style=\"font-size: 12pt; font-family: times new roman,times;\" data-mce-mark=\"1\"><strong><span style=\"color: #000080;\" data-mce-mark=\"1\">M\u00f3nica Almir\u00f3n<\/span><\/strong><\/span><\/li>\n<\/ul>\n<p><span style=\"font-size: 12pt; font-family: 'times new roman', times; color: #000000;\" data-mce-mark=\"1\"><strong><span style=\"text-decoration: underline;\" data-mce-mark=\"1\">Pro-Secretaria<\/span><\/strong><\/span><\/p>\n<ul>\n<li><span style=\"font-size: 12pt; font-family: times new roman,times;\" data-mce-mark=\"1\"><strong><span style=\"color: #000080;\" data-mce-mark=\"1\">Lidia De Bernardis (Sede ex Nacional)<\/span><\/strong><br \/>\n<\/span><\/li>\n<li><span style=\"color: #000080;\"><strong>Silvia Flores (Sede Colombres)<\/strong><\/span><\/li>\n<\/ul>\n<p class=\"Texto_arial\"><span style=\"text-decoration: underline; font-size: 12pt; font-family: times new roman,times; color: #000000;\" data-mce-mark=\"1\">Jefes de \u00c1rea<\/span><\/p>\n<ul>\n<li class=\"Texto_arial\"><span style=\"font-size: 12pt; font-family: times new roman,times; color: #000000;\" data-mce-mark=\"1\">Profesorado <strong>Ciencias Naturales<\/strong>:<span style=\"color: #000080;\"> Prof. Vanesa Vi\u00f1a<\/span><\/span><\/li>\n<li class=\"Texto_arial\"><span style=\"font-size: 12pt; font-family: times new roman,times; color: #000000;\" data-mce-mark=\"1\"><span style=\"color: #000080;\"><span style=\"color: #000000;\">Profesorados <b>Historia y Geograf\u00eda<\/b>:\u00a0<\/span>Prof. Javier Diaz<\/span><\/span><\/li>\n<li class=\"Texto_arial\"><span style=\"font-size: 12pt; font-family: times new roman,times; color: #000000;\" data-mce-mark=\"1\">Profesorado <strong>Filosof\u00eda<\/strong>: <span style=\"color: #000080;\">Prof. Noem\u00ed Vino<\/span><span style=\"font-size: 12pt; font-family: times new roman,times; color: #000000;\" data-mce-mark=\"1\"><br \/>\n<\/span><\/span><\/li>\n<li class=\"Texto_arial\"><span style=\"font-size: 12pt; font-family: times new roman,times; color: #000000;\" data-mce-mark=\"1\">Profesorado <strong>Lengua y Literatura<\/strong>: <span style=\"color: #000080;\" data-mce-mark=\"1\">Lic. Paula Bonorino<\/span><\/span><\/li>\n<li class=\"Texto_arial\"><span style=\"font-size: 12pt; font-family: times new roman,times; color: #000000;\" data-mce-mark=\"1\">Profesorado <strong>Matem\u00e1tica<\/strong>: <span style=\"color: #000080;\" data-mce-mark=\"1\">Prof. Valeria Mart\u00edn<\/span><\/span><\/li>\n<li class=\"Texto_arial\"><span style=\"font-size: 12pt; font-family: times new roman,times; color: #000000;\" data-mce-mark=\"1\">Profesorado de <strong>Ingl\u00e9s<\/strong>:\u00a0 <span style=\"color: #000080;\">Prof. Graciela Serignese<\/span><\/span><\/li>\n<\/ul>\n<p><span style=\"text-decoration: underline; font-size: 12pt; font-family: times new roman,times;\" data-mce-mark=\"1\">Preceptores Edificio Colombres<\/span><\/p>\n<p><strong>Turno Ma\u00f1ana<\/strong><\/p>\n<p><span style=\"color: #162ee0;\">Lengua y Literatura<\/span> . Ver\u00f3nica<\/p>\n<p><span style=\"color: #162ee0;\">Historia<\/span>: Hugo<\/p>\n<p><strong>Turno Tarde:<\/strong> David<\/p>\n<p><strong>Turno Vespertino<\/strong><\/p>\n<ul>\n<li><em><strong><span style=\"color: #000080;\">Lengua y Literatura<\/span><\/strong><\/em>: <span style=\"color: #000000; font-family: times new roman, times;\"><span style=\"font-size: 16px;\">\u00a0Hugo y <span style=\"font-size: 12pt; font-family: times new roman,times; color: #000000;\" data-mce-mark=\"1\">Ver\u00f3nica.<\/span><\/span><\/span><\/li>\n<li><span style=\"color: #000080;\"><strong><em>Matem\u00e1tica<\/em><\/strong><\/span>:<span style=\"font-size: 12pt; font-family: times new roman,times; color: #000000;\" data-mce-mark=\"1\"> <span style=\"color: #000000; font-family: times new roman, times;\"><span style=\"font-size: 16px;\">Claudia <\/span><\/span>y Carolina.<\/span><\/li>\n<\/ul>\n<p><span style=\"text-decoration: underline; font-size: 12pt; font-family: times new roman,times;\" data-mce-mark=\"1\">Preceptores Edificio Nacional<\/span><\/p>\n<p><strong>Turno Vespertino<\/strong><\/p>\n<ul>\n<li><span style=\"color: #0000ff;\"><em><strong>Administraci\u00f3n y Equivalencias<\/strong><\/em>: <span style=\"font-size: 12pt; font-family: 'times new roman', times;\" data-mce-mark=\"1\">Melina y Mar\u00eda.<\/span><\/span><\/li>\n<li><span style=\"color: #0000ff;\"><em><strong>Naturales<\/strong><\/em>: <span style=\"font-size: 12pt; font-family: 'times new roman', times;\" data-mce-mark=\"1\">Victoria, Carla. y Jonatan<\/span><\/span><\/li>\n<li><span style=\"color: #0000ff;\"><strong><em>Historia<\/em><\/strong>: Marcela, Norma y Mat\u00edas<\/span><\/li>\n<li><span style=\"color: #0000ff;\"><strong>Geograf\u00eda<\/strong> : Cecilia, Liliana y Vanesa<\/span><\/li>\n<li><span style=\"color: #0000ff;\"><em><strong>Filosof\u00eda<\/strong><\/em>: Liliana, Cecilia y Vanesa<\/span><\/li>\n<li><span style=\"color: #0000ff;\"><strong>Ingl\u00e9s<\/strong>: <span style=\"font-size: 12pt; font-family: 'times new roman', times;\" data-mce-mark=\"1\">\u00a0Nieves y Lorena<\/span><\/span><\/li>\n<li><span style=\"color: #0000ff;\"><strong>Medios<\/strong>: <span style=\"font-size: 12pt; font-family: 'times new roman', times;\" data-mce-mark=\"1\">Gabriel.<\/span><\/span><\/li>\n<li><span style=\"color: #0000ff;\"><strong>Netbooks<\/strong>: <span style=\"font-size: 12pt; font-family: 'times new roman', times;\" data-mce-mark=\"1\">Nora.<\/span><\/span><\/li>\n<li><span style=\"color: #0000ff;\"><strong>Ventanilla: V<\/strong>anesa<\/span><\/li>\n<\/ul>\n","protected":false},"excerpt":{"rendered":"<p>Directora Prof. Susana Elola Regentes\u00a0 \u00a0\u00a0 Prof. Alejandra Zorzano Prof. Sebastian Saade Prof. Cecilia Herrera Prof. Francisca Sanabria Secretaria\u00a0\u00a0\u00a0 M\u00f3nica Almir\u00f3n Pro-Secretaria Lidia De Bernardis (Sede ex Nacional) Silvia Flores (Sede Colombres) Jefes de \u00c1rea Profesorado Ciencias Naturales: Prof. Vanesa Vi\u00f1a Profesorados Historia y Geograf\u00eda:\u00a0Prof. Javier Diaz Profesorado Filosof\u00eda: Prof. Noem\u00ed Vino Profesorado Lengua y &#8230; <a title=\"Autoridades\" class=\"read-more\" href=\"https:\/\/isfd41-bue.infd.edu.ar\/sitio\/autoridades\/\" aria-label=\"More on Autoridades\">[+]<\/a><\/p>\n","protected":false},"author":7,"featured_media":0,"parent":0,"menu_order":0,"comment_status":"closed","ping_status":"closed","template":"","meta":[],"acf":[],"_links":{"self":[{"href":"https:\/\/isfd41-bue.infd.edu.ar\/sitio\/wp-json\/wp\/v2\/pages\/851"}],"collection":[{"href":"https:\/\/isfd41-bue.infd.edu.ar\/sitio\/wp-json\/wp\/v2\/pages"}],"about":[{"href":"https:\/\/isfd41-bue.infd.edu.ar\/sitio\/wp-json\/wp\/v2\/types\/page"}],"author":[{"embeddable":true,"href":"https:\/\/isfd41-bue.infd.edu.ar\/sitio\/wp-json\/wp\/v2\/users\/7"}],"replies":[{"embeddable":true,"href":"https:\/\/isfd41-bue.infd.edu.ar\/sitio\/wp-json\/wp\/v2\/comments?post=851"}],"version-history":[{"count":31,"href":"https:\/\/isfd41-bue.infd.edu.ar\/sitio\/wp-json\/wp\/v2\/pages\/851\/revisions"}],"predecessor-version":[{"id":4260,"href":"https:\/\/isfd41-bue.infd.edu.ar\/sitio\/wp-json\/wp\/v2\/pages\/851\/revisions\/4260"}],"wp:attachment":[{"href":"https:\/\/isfd41-bue.infd.edu.ar\/sitio\/wp-json\/wp\/v2\/media?parent=851"}],"curies":[{"name":"wp","href":"https:\/\/api.w.org\/{rel}","templated":true}]}}