{"id":834,"date":"2018-08-29T16:38:02","date_gmt":"2018-08-29T19:38:02","guid":{"rendered":"https:\/\/isfd41-bue.infd.edu.ar\/sitio\/normativas-documentos-recursos\/"},"modified":"2024-11-13T16:25:47","modified_gmt":"2024-11-13T19:25:47","slug":"normativas-documentos-recursos","status":"publish","type":"page","link":"https:\/\/isfd41-bue.infd.edu.ar\/sitio\/normativas-documentos-recursos\/","title":{"rendered":"Normativas \/ Documentos \/ Recursos"},"content":{"rendered":"<div style=\"text-align: left;\">\n<p style=\"text-align: center;\"><span style=\"color: #808080;\"><em>( Ver m\u00e1s abajo para la Secci\u00f3n descargas para Estudiantes )<\/em><\/span><\/p>\n<p><img decoding=\"async\" loading=\"lazy\" class=\"wp-image-2989 size-full aligncenter\" src=\"https:\/\/isfd41-bue.infd.edu.ar\/sitio\/wp-content\/uploads\/2023\/05\/botones-institucional-e1683764450404.png\" alt=\"\" width=\"455\" height=\"90\" \/><\/p>\n<\/div>\n<div style=\"text-align: left;\">\n<p style=\"text-align: center;\"><span style=\"text-decoration: underline;\"><span style=\"background-color: #ffffff;\"><strong><span style=\"font-size: 14pt;\"><a href=\"https:\/\/isfd41-bue.infd.edu.ar\/sitio\/wp-content\/uploads\/2020\/04\/Comunicaci\u00f3n-a-la-comunidad-del-Instituto-Superior-de-Formaci\u00f3n-Docente-N\u00ba-41.docx\">Comunicado a la comunidad del Instituto Superior de Formaci\u00f3n Docente N\u00ba41<\/a><\/span><\/strong><\/span><\/span><\/p>\n<h2 style=\"text-align: center;\"><span style=\"color: #00ccff;\"><strong>NORMATIVAS<\/strong><\/span><\/h2>\n<\/div>\n<div><strong><span class=\"WdYUQQ\">PROYECTO DE TRANSICI\u00d3N DE PLAN &#8211; ISFD 41: \u00a0<\/span><\/strong><\/div>\n<ul>\n<li><span style=\"text-decoration: underline;\"><span style=\"background-color: #ffffff;\"><span style=\"font-size: 14pt;\"><a href=\"https:\/\/isfd41-bue.infd.edu.ar\/sitio\/wp-content\/uploads\/2019\/12\/Proyecto-de-Transicion-ISFD-41-definitivo-1.pdf\">Lengua y Literatura, Matem\u00e1tica, Ingl\u00e9s.<\/a><\/span><\/span><\/span><\/li>\n<li>Naturales, Sociales y Filosof\u00eda.<\/li>\n<\/ul>\n<div style=\"text-align: left;\">\n<p><strong>ACADEMICO INSTITUCIONAL (CAI=Consejo Acad\u00e9mico Institucional) : <\/strong><\/p>\n<ul>\n<li><a href=\"https:\/\/isfd41-bue.infd.edu.ar\/sitio\/wp-content\/uploads\/2021\/02\/RAI-actualizado-2019.docx.doc\">RAI actualizado 2019<\/a><\/li>\n<li><a class=\"WdYUQQ\" draggable=\"false\" href=\"https:\/\/www.dropbox.com\/s\/ll7io3m5pj07cvg\/Art%2021%C2%BA.docx?dl=0\" target=\"_blank\" rel=\"noopener\">Art. 21 Actualizaci\u00f3n 2018<\/a><\/li>\n<li><a href=\"https:\/\/isfd41-bue.infd.edu.ar\/sitio\/wp-content\/uploads\/2021\/02\/ACTUALIZACION-REINCORPORACIONES-2019.docx\">ACTUALIZACION REINCORPORACIONES -2019<\/a><span style=\"font-family: 'times new roman', times; font-size: 12pt;\"><strong><span style=\"color: #ff6600;\"><br \/>\n<\/span><\/strong><\/span><\/li>\n<li><a href=\"https:\/\/isfd41-bue.infd.edu.ar\/sitio\/resolucion-2-2011\/\">RESOLUCI\u00d3N DEL CAI 2\/2011 <\/a><span style=\"font-family: 'times new roman', times; font-size: 12pt;\" data-mce-mark=\"1\"><span style=\"color: #0000ff;\" data-mce-mark=\"1\"><em><span style=\"color: #000080;\">(Reglamento interno b\u00e1sico del CAI, A\u00f1o 2010 y 2011) <\/span><\/em><\/span><\/span><\/li>\n<\/ul>\n<p><strong>RESOLUCIONES:<\/strong><\/p>\n<ul>\n<li><span style=\"font-family: 'times new roman', times; font-size: 12pt;\"><a title=\"Resoluci\u00f3n 5886\/03\" href=\"index.cgi?wid_item=40&amp;wid_seccion=32\">RESOLUCI\u00d3N 5886\/03 (Concursos)<\/a><\/span><\/li>\n<li><span style=\"font-family: 'times new roman', times; font-size: 12pt;\"><a title=\"Resoluci\u00f3n 3121\/04\" href=\"index.cgi?wid_item=44&amp;wid_seccion=32\">RESOLUCI\u00d3N 3121\/04 (Ayudant\u00edas de c\u00e1tedra)<\/a><\/span><\/li>\n<li><span style=\"font-family: 'times new roman', times; font-size: 12pt;\"><a title=\"Anexo Institucional a la Res. 3121\/04\" href=\"index.cgi?wid_item=45&amp;wid_seccion=32\">ANEXO INSTITUCIONAL DE LA RESOLUCI\u00d3N 3121\/04 (Ayudant\u00edas de C\u00e1tedra)<\/a><\/span><\/li>\n<li><span style=\"font-family: 'times new roman', times; font-size: 12pt;\"><a title=\"Resoluci\u00f3n 4900\/05\" href=\"index.cgi?wid_item=41&amp;wid_seccion=32\">RESOLUCI\u00d3N 4900\/05 (Centro de Estudiantes)<\/a><\/span><\/li>\n<li><span style=\"font-family: 'times new roman', times; font-size: 12pt;\" data-mce-mark=\"1\"><a title=\"Resoluci\u00f3n 4043\/09 y su anexo\" href=\"index.cgi?wid_item=42&amp;wid_seccion=32\">RESOLUCI\u00d3N 4043\/09 (R\u00e9gimen Acad\u00e9mico)<\/a><\/span><\/li>\n<li><span style=\"font-family: 'times new roman', times; font-size: 12pt;\" data-mce-mark=\"1\"><a title=\"Resoluci\u00f3n 4044\/09 y su anexo\" href=\"index.cgi?wid_item=43&amp;wid_seccion=32\">RESOLUCI\u00d3N 4044\/09 (Consejo Acad\u00e9mico Institucional)<\/a><\/span><\/li>\n<li><span style=\"font-family: 'times new roman', times; font-size: 12pt;\" data-mce-mark=\"1\"><a title=\"Resoluci\u00f3n 550\/07\" href=\"index.cgi?wid_item=66&amp;wid_seccion=32\">RESOLUCI\u00d3N 550\/07 (Tramo de Capacitaci\u00f3n Pedag\u00f3gica)<\/a><\/span><\/li>\n<\/ul>\n<p><strong>LEYES:<\/strong><\/p>\n<ul>\n<li><span style=\"font-family: 'times new roman', times; font-size: 12pt;\"><a href=\"https:\/\/www.dropbox.com\/s\/d5vg5j2s0gzipje\/LEY_11273.docx?dl=0\" target=\"_blank\" rel=\"noopener\">REGIMEN DE INSISTENCIA PARA ALUMNAS EMBARAZADAS (11273)<\/a><span style=\"color: #ff0000;\"><strong><br \/>\n<\/strong><\/span><\/span><\/li>\n<li><span style=\"font-family: 'times new roman', times; font-size: 12pt;\"><a title=\"Ley de Educaci\u00f3n Nacional (26026)\" href=\"index.cgi?wid_item=38&amp;wid_seccion=32\">LEY DE EDUCACI\u00d3N NACIONAL (26026)<\/a><\/span><\/li>\n<li><span style=\"font-family: 'times new roman', times; font-size: 12pt;\"><a title=\"Ley de Educaci\u00f3n Superior (24521)\" href=\"index.cgi?wid_item=39&amp;wid_seccion=32\">LEY DE EDUCACI\u00d3N SUPERIOR (24521)<\/a><\/span><\/li>\n<li><span style=\"font-family: 'times new roman', times; font-size: 12pt;\"><a title=\"LEY DE EDUCACI\u00d3N PROVINCIAL\" href=\"http:\/\/abc.gov.ar\/lainstitucion\/sistemaeducativo\/consulta2007\/default.cfm\">LEY DE EDUCACI\u00d3N PROVINCIAL (13688)<\/a><\/span><\/li>\n<\/ul>\n<h2 style=\"text-align: center;\"><span style=\"color: #00ccff;\"><strong>DOCUMENTOS<\/strong><\/span><\/h2>\n<ul>\n<li><a href=\"https:\/\/docs.google.com\/document\/d\/1KSgebnDuJIqLn2kOGRenIjvWKMb9uDU6\/edit?usp=share_link&amp;ouid=102243614321193065905&amp;rtpof=true&amp;sd=true\">PROTOCOLO DEFINITIVO<\/a><\/li>\n<li><a href=\"https:\/\/docs.google.com\/document\/d\/1f5GshVuSB8ZyTC6yeYSvAsBtpQTqfo4e\/edit?usp=sharing&amp;ouid=102243614321193065905&amp;rtpof=true&amp;sd=true\">Declaraci\u00f3n Jurada de Incompatibilidad horaria<\/a><\/li>\n<\/ul>\n<hr \/>\n<p><img decoding=\"async\" loading=\"lazy\" class=\"aligncenter wp-image-2990 size-full\" src=\"https:\/\/isfd41-bue.infd.edu.ar\/sitio\/wp-content\/uploads\/2023\/05\/boton-estudiantes-e1683766801470.png\" alt=\"\" width=\"462\" height=\"87\" \/><\/p>\n<\/div>\n<h2 style=\"text-align: center;\"><span style=\"color: #00ccff;\"><strong>DESCARGAS<\/strong><\/span><\/h2>\n<p style=\"text-align: center;\"><strong><em>Importante:<\/em> Consult\u00e1 con la Preceptor\u00eda de tu carrera ante cualquier duda. Segu\u00ed las instrucciones seg\u00fan lo indicado.<\/strong><\/p>\n<p style=\"text-align: center;\"><em><span style=\"color: #ff0000;\"><strong>HORARIO DE ATENCI\u00d3N AL P\u00daBLICO DE PRECEPTOR\u00cdA (Todas las carreras en el exNacional):<\/strong><\/span><\/em><br \/>\n<span style=\"color: #ff0000;\"><strong>MIERCOLES Y VIERNES (solamente), de 19 a 21hs. No se atender\u00e1 ventanilla fuera de esos horarios, NO INSISTA.<\/strong><\/span><\/p>\n<ul>\n<li><strong><a href=\"https:\/\/isfd41-bue.infd.edu.ar\/sitio\/wp-content\/uploads\/2024\/11\/PLANILLA-INSCRIPCION-2025-1.pdf\">PLANILLA INSCRIPCION 2025<\/a> <\/strong><\/li>\n<li><strong><a href=\"https:\/\/isfd41-bue.infd.edu.ar\/sitio\/wp-content\/uploads\/2024\/11\/PLANILLA-DE-APTITUD-PSICO-FISICA-2025-1.pdf\">PLANILLA CONSTANCIA APTITUDO PSICO- FISICA-ODONTOLOGICA 2025<\/a> <\/strong>(Se completa por m\u00e9dico cl\u00ednico y la otra secci\u00f3n por un Psic\u00f3logo\/Psiquiatra. Se entrega <strong>siempre<\/strong> junto a una <strong>fotocopia<\/strong> del mismo s\u00ed o s\u00ed.<\/li>\n<\/ul>\n<ul>\n<li><strong><a href=\"https:\/\/docs.google.com\/document\/d\/1uym6FqXCDZgxHi9fLWHzIbiiP_rEsen9\/edit?usp=share_link&amp;ouid=102243614321193065905&amp;rtpof=true&amp;sd=true\">PLANILLA SOLICITUD DE AYUDANT\u00cdA DE C\u00c1TEDRA<\/a><\/strong><\/li>\n<li><strong><a href=\"https:\/\/isfd41-bue.infd.edu.ar\/sitio\/wp-content\/uploads\/2024\/05\/CONSTANCIA-DE-ALUMNO-REGULAR-EN-BLANCO.pdf\">CONSTANCIA DE ALUMNO REGULAR EN BLANCO<\/a><\/strong><\/li>\n<li><strong><a href=\"https:\/\/drive.google.com\/file\/d\/1U9YCm0IhKXkbE-1ED7crLCrRhqPM_mzn\/view\" target=\"_blank\" rel=\"noopener\">CONSTANCIA DE EXAMEN<\/a><\/strong><br \/>\n<strong>Instrucciones para solicitar <em>constancia de examen<\/em>:<br \/>\n1.<\/strong> Descargar la constancia de examen (link arriba), imprimirla y completar los datos requeridos. Tambi\u00e9n se puede comprar la hoja en preceptor\u00eda (consultar precio en el momento).<br \/>\n<strong>2.<\/strong> Presentar la constancia ante docente a cargo del examen rendido, para que sea firmada por el mismo (APENAS terminan de rendir; \u00a1no se puede sellar una constancia que no tiene la firma del docente!)No puede estar tachada o corregida ,y solo se firma originales.(fotocopias, no)<br \/>\n<strong>3.<\/strong> Presentar la constancia en Preceptor\u00eda (solo por ventanilla!) para que sea firmada por la Direcci\u00f3n. De 19 a 21hs. y<b> SOLO MI\u00c9RCOLES O VIERNES.<\/b><\/li>\n<li><a href=\"https:\/\/drive.google.com\/file\/d\/1ZbHgIPNZuRD4rmv0muZ8Eyl9_4aOpO91\/view?usp=sharing\"><strong>CONSTANCIA DE ASISTENCIA A PR\u00c1CTICA DOCENTE<\/strong><\/a> (tanto a la escuela como a la clase en s\u00ed; son dos hojas).<br \/>\n<strong>Instrucciones para solicitar <em>constancia de asistencia<\/em>:<\/strong><br \/>\n<strong>1-<\/strong> Descargar la constancia (link arriba), imprimirla y completar los datos requeridos (incluyendo horarios y entidad ante la cual se presentar\u00e1).<br \/>\n<strong>2-<\/strong> Tambi\u00e9n se puede comprar la hoja en preceptor\u00eda. Presentar la constancia ante el docente a cargo del grupo de Pr\u00e1ctica, para que sea verificado y firmado por el mismo.<br \/>\n<strong>3-<\/strong> Presentar la constancia en Preceptor\u00eda (solo por ventanilla!) para que sea firmada por la Direcci\u00f3n. De 19 a 21hs. y <b>SOLO MI\u00c9RCOLES O VIERNES.<\/b><\/li>\n<li><a href=\"https:\/\/drive.google.com\/file\/d\/1EDCEu9yw9fPwdO95Oc738od9YIHmXtB7\/view?usp=share_link\"><strong>FICHA PARA APTO FONOAUDIOL\u00d3GICO<\/strong><\/a> (Se entrega y se completa por las Fonoaudi\u00f3logas)<\/li>\n<li><a href=\"https:\/\/drive.google.com\/file\/d\/1jrzuWQpPyJNZ6qrkvAk44QrgnlUSX2VK\/view?usp=share_link\"><strong>CONSTANCIA PARA APTO FONOAUDIOL\u00d3GICO<\/strong><\/a> (Se entrega, firmado y completo, a Preceptor\u00eda de su carrera)<\/li>\n<li><a href=\"https:\/\/isfd41-bue.infd.edu.ar\/sitio\/wp-content\/uploads\/2024\/11\/PLANILLA-INSCRIPCION-2025-1.pdf\">PLANILLA INSCRIPCION 2025<\/a> (Se completa por m\u00e9dico cl\u00ednico y la otra secci\u00f3n por un Psic\u00f3logo\/Psiquiatra. Se entrega <strong>siempre<\/strong> junto a una <strong>fotocopia<\/strong> del mismo s\u00ed o s\u00ed.<\/li>\n<li><a href=\"https:\/\/drive.google.com\/file\/d\/1oqoT6ZcKpLzV5LPpU-QM-kDVm-ZE55T9\/view?usp=sharing\"><strong>SOLICITUD ANAL\u00cdTICO PARCIAL <\/strong><\/a>(Para aquellos estudiantes que tramitan <strong>pase a OTRA instituci\u00f3n<\/strong>)<\/li>\n<li><a href=\"https:\/\/drive.google.com\/file\/d\/1eyIIMxznuhAEHxFdRyuOB2Jq3HaLSY3U\/view?usp=drive_link\"><strong>SOLICITUD DE VACANTE<\/strong> <\/a>(Para quienes vienen de otro instituto y desean tramitar <strong>pase al ISFD N\u00b041<\/strong>).<\/li>\n<\/ul>\n<div style=\"text-align: left;\"><\/div>\n<div style=\"text-align: left;\">\n<h2 style=\"text-align: center;\"><span style=\"color: #00ccff;\"><strong>RECURSOS<\/strong><\/span><\/h2>\n<ul>\n<li><span style=\"color: #333399;\"><strong>Cuadernillo: \u00abNo te quedes callada\u00bb : <a href=\"http:\/\/Cuadernillo: &quot;No te quedes callada&quot; :\" data-wplink-url-error=\"true\">BAJAR CUADERNILLO.<\/a><\/strong><\/span><strong style=\"font-family: 'times new roman', times; font-size: 12pt;\"><strong><strong><br \/>\n<\/strong><\/strong><\/strong><\/li>\n<li><a href=\"https:\/\/www.youtube.com\/watch?v=g60SsV7gnKI\"><span style=\"color: #333399;\"><strong>Tutorial para ingresar al campus virtual.<\/strong><\/span><\/a><\/li>\n<\/ul>\n<\/div>\n","protected":false},"excerpt":{"rendered":"<p>( Ver m\u00e1s abajo para la Secci\u00f3n descargas para Estudiantes ) Comunicado a la comunidad del Instituto Superior de Formaci\u00f3n Docente N\u00ba41 NORMATIVAS PROYECTO DE TRANSICI\u00d3N DE PLAN &#8211; ISFD 41: \u00a0 Lengua y Literatura, Matem\u00e1tica, Ingl\u00e9s. Naturales, Sociales y Filosof\u00eda. ACADEMICO INSTITUCIONAL (CAI=Consejo Acad\u00e9mico Institucional) : RAI actualizado 2019 Art. 21 Actualizaci\u00f3n 2018 ACTUALIZACION &#8230; <a title=\"Normativas \/ Documentos \/ Recursos\" class=\"read-more\" href=\"https:\/\/isfd41-bue.infd.edu.ar\/sitio\/normativas-documentos-recursos\/\" aria-label=\"More on Normativas \/ Documentos \/ Recursos\">[+]<\/a><\/p>\n","protected":false},"author":7,"featured_media":0,"parent":0,"menu_order":0,"comment_status":"closed","ping_status":"closed","template":"","meta":[],"acf":[],"_links":{"self":[{"href":"https:\/\/isfd41-bue.infd.edu.ar\/sitio\/wp-json\/wp\/v2\/pages\/834"}],"collection":[{"href":"https:\/\/isfd41-bue.infd.edu.ar\/sitio\/wp-json\/wp\/v2\/pages"}],"about":[{"href":"https:\/\/isfd41-bue.infd.edu.ar\/sitio\/wp-json\/wp\/v2\/types\/page"}],"author":[{"embeddable":true,"href":"https:\/\/isfd41-bue.infd.edu.ar\/sitio\/wp-json\/wp\/v2\/users\/7"}],"replies":[{"embeddable":true,"href":"https:\/\/isfd41-bue.infd.edu.ar\/sitio\/wp-json\/wp\/v2\/comments?post=834"}],"version-history":[{"count":24,"href":"https:\/\/isfd41-bue.infd.edu.ar\/sitio\/wp-json\/wp\/v2\/pages\/834\/revisions"}],"predecessor-version":[{"id":3468,"href":"https:\/\/isfd41-bue.infd.edu.ar\/sitio\/wp-json\/wp\/v2\/pages\/834\/revisions\/3468"}],"wp:attachment":[{"href":"https:\/\/isfd41-bue.infd.edu.ar\/sitio\/wp-json\/wp\/v2\/media?parent=834"}],"curies":[{"name":"wp","href":"https:\/\/api.w.org\/{rel}","templated":true}]}}