{"id":819,"date":"2018-08-29T16:37:56","date_gmt":"2018-08-29T19:37:56","guid":{"rendered":"https:\/\/isfd41-bue.infd.edu.ar\/sitio\/departamento-de-fonoaudiologia\/"},"modified":"2024-08-22T20:06:38","modified_gmt":"2024-08-22T23:06:38","slug":"departamento-de-fonoaudiologia","status":"publish","type":"page","link":"https:\/\/isfd41-bue.infd.edu.ar\/sitio\/departamento-de-fonoaudiologia\/","title":{"rendered":"Departamento de Fonoaudiolog\u00eda"},"content":{"rendered":"<p style=\"text-align: center;\">\n<p style=\"text-align: center;\">\n<table style=\"width: 100%;\" border=\"0\">\n<tbody>\n<tr>\n<td><\/td>\n<td style=\"text-align: left;\">\n<h4 style=\"text-align: center;\"><span style=\"color: #3366ff;\"><em><strong>DEPARTAMENTO DE FONOAUDIOLOG\u00cdA ISFD N\u00b041: <\/strong><\/em><\/span><\/h4>\n<p style=\"text-align: center;\"><span style=\"color: #3366ff;\"><em><strong>Lic. Carla Alc\u00e1ntara, Lic. Selva Moyano<\/strong><\/em><\/span><\/p>\n<hr \/>\n<p><em><strong>En raz\u00f3n de lo establecido por el <span style=\"text-decoration: underline;\" data-mce-mark=\"1\">Reglamento de Institutos Superiores<\/span>; con respecto al certificado de<span style=\"color: #ff6600;\" data-mce-mark=\"1\"> Aptitud Fonoaudiol\u00f3gica <\/span>para la inscripci\u00f3n en el Espacio de la pr\u00e1ctica I, se establece este requisito indispensable:<\/strong><\/em><\/p>\n<p><span style=\"color: #3366ff;\"><strong>1)<\/strong><\/span>\u00a0 \u00a0 \u00a0 Aquellos alumnos <strong>que est\u00e9n cursando el espacio de la Pr\u00e1ctica Docente de 2do A\u00f1o<\/strong>, deben realizar la evaluaci\u00f3n fonoaudiol\u00f3gica <em>con las fonoaudi\u00f3logas del ISFD N\u00b041<\/em>. Para poder tener aprobado dicho espacio, <strong>la aptitud debe estar aprobada<\/strong> tambi\u00e9n. Se evaluar\u00e1n las caracter\u00edsticas vocales, respiratorias y elocutorias. De acuerdo con el resultado de dicha evaluaci\u00f3n se podr\u00e1n solicitar, estudios m\u00e9dicos ampliatorios y derivaci\u00f3n a tratamiento de rehabilitaci\u00f3n que se estiman necesarios, establecidos a su vez los plazos de cumplimentaci\u00f3n.<\/p>\n<p><strong><span style=\"color: #3366ff;\">2)<\/span><\/strong>\u00a0\u00a0\u00a0\u00a0\u00a0 <strong>Solo podr\u00e1n cursar el espacio de la pr\u00e1ctica III y IV<\/strong> aquellos alumnos que tengan <strong>aprobada dicha aptitud<\/strong> (para firmar el final de la Pr\u00e1ctica de 2do A\u00f1o, la aptitud fonoaudiol\u00f3gica debe estar aprobada).<\/p>\n<p><strong><span style=\"color: #3366ff;\">3)<\/span><\/strong>\u00a0\u00a0\u00a0\u00a0\u00a0 Los alumnos <strong>deber\u00e1n fotocopiar la constancia de aptitud fonoaudiol\u00f3gica y conservar dicha fotocopia<\/strong>, la cual deber\u00e1 ser presentada al momento de firmar la libreta, <strong>el original ser\u00e1 entregado a la preceptora<\/strong> el d\u00eda de la aprobaci\u00f3n.<\/p>\n<p><span style=\"color: #3366ff;\"><strong>4)\u00a0<\/strong><\/span>\u00a0\u00a0\u00a0\u00a0 A los alumnos que tengan su libreta, se les firmar\u00e1 la c\u00e1tedra en el momento, y aquellos que aun no la posean, deber\u00e1n presentarse en las fechas estipuladas de noviembre y diciembre.<\/p>\n<p><span style=\"color: #3366ff;\"><strong>5)\u00a0<\/strong><\/span>\u00a0\u00a0\u00a0\u00a0 Los alumnos que presenten <strong>alguna patolog\u00eda preexistente deber\u00e1n concurrir a la evaluaci\u00f3n en forma inmediata<\/strong>, para realizar los procedimientos que requiere cada caso.<\/p>\n<p style=\"text-align: center;\"><span style=\"color: #0000ff;\"><em><strong>Lugar:<\/strong> Cabina 1 ubicada en planta baja, al lado del Hall de entrada, pasillo izquierdo.<\/em><\/span><span style=\"font-family: 'times new roman', times; font-size: 12pt;\" data-mce-mark=\"1\"><a href=\"upload\/img\/cabina-fonoaudiologia.jpg\" target=\"_blank\" rel=\"noopener\"><img decoding=\"async\" loading=\"lazy\" style=\"display: block; margin-left: auto; margin-right: auto;\" src=\"https:\/\/isfd41-bue.infd.edu.ar\/sitio\/wp-content\/uploads\/2018\/08\/cabina-fonoaudiologia.jpg\" width=\"302\" height=\"171\" border=\"0\" \/><\/a><\/span><\/p>\n<h4 style=\"text-align: center;\"><span style=\"color: #33cccc;\"><strong>HORARIOS DE ATENCI\u00d3N<\/strong><\/span><\/h4>\n<p style=\"text-align: center;\"><em>Se realizar\u00e1n las <strong>evaluaciones fonoaudiol\u00f3gicas en diferentes d\u00edas para cada profesorado<\/strong>, seg\u00fan se detallan a continuaci\u00f3n:<\/em><\/p>\n<p><span style=\"color: #ff9900;\"><strong>SEDE COLOMBRES<\/strong><\/span><\/p>\n<ul>\n<li><strong>Lunes y Martes ( 8 a 11 hs ):<\/strong> Lengua y Literatura.<\/li>\n<li><strong>Martes ( 15 a 21 hs ):<\/strong> Matem\u00e1tica.<\/li>\n<li><strong>Lunes ( 18 a 21 hs )<\/strong>: Lengua y Literatura.<\/li>\n<li><strong>Jueves ( 8 a 12 hs \/ Rotativas ):<\/strong> Ingl\u00e9s, Cs. Naturales.<\/li>\n<\/ul>\n<p><span style=\"color: #99cc00;\"><strong>SEDE ESPORA (Ex Nacional)<\/strong><\/span><\/p>\n<ul>\n<li><strong>Martes ( 19 a 22 hs ):<\/strong> Historia, Geograf\u00eda, Filosof\u00eda.<\/li>\n<li><strong>Mi\u00e9rcoles ( 19 a 22 hs )<\/strong>: Ingl\u00e9s, Cs. Naturales.<\/li>\n<\/ul>\n<h4 style=\"text-align: center;\"><span style=\"color: #ff0000;\"><strong>Los estudiantes tienen que asistir a la evaluaci\u00f3n con lo siguiente:<\/strong><\/span><\/h4>\n<ul>\n<li><strong><a href=\"https:\/\/isfd41-bue.infd.edu.ar\/sitio\/wp-content\/uploads\/2022\/11\/FICHA-APTITUD-FONOAUDIOLOGICA.pdf\">FICHA APTITUD FONOAUDIOLOGICA<\/a><\/strong><\/li>\n<li><strong><a href=\"https:\/\/isfd41-bue.infd.edu.ar\/sitio\/wp-content\/uploads\/2022\/11\/FICHA_FONIATRICA__Constancia.pdf\">FICHA_FONIATRICA__Constancia<\/a> <\/strong><\/li>\n<\/ul>\n<p style=\"text-align: center;\">\n<\/td>\n<\/tr>\n<\/tbody>\n<\/table>\n","protected":false},"excerpt":{"rendered":"<p>DEPARTAMENTO DE FONOAUDIOLOG\u00cdA ISFD N\u00b041: Lic. Carla Alc\u00e1ntara, Lic. Selva Moyano En raz\u00f3n de lo establecido por el Reglamento de Institutos Superiores; con respecto al certificado de Aptitud Fonoaudiol\u00f3gica para la inscripci\u00f3n en el Espacio de la pr\u00e1ctica I, se establece este requisito indispensable: 1)\u00a0 \u00a0 \u00a0 Aquellos alumnos que est\u00e9n cursando el espacio de &#8230; <a title=\"Departamento de Fonoaudiolog\u00eda\" class=\"read-more\" href=\"https:\/\/isfd41-bue.infd.edu.ar\/sitio\/departamento-de-fonoaudiologia\/\" aria-label=\"More on Departamento de Fonoaudiolog\u00eda\">[+]<\/a><\/p>\n","protected":false},"author":7,"featured_media":0,"parent":0,"menu_order":0,"comment_status":"closed","ping_status":"closed","template":"","meta":[],"acf":[],"_links":{"self":[{"href":"https:\/\/isfd41-bue.infd.edu.ar\/sitio\/wp-json\/wp\/v2\/pages\/819"}],"collection":[{"href":"https:\/\/isfd41-bue.infd.edu.ar\/sitio\/wp-json\/wp\/v2\/pages"}],"about":[{"href":"https:\/\/isfd41-bue.infd.edu.ar\/sitio\/wp-json\/wp\/v2\/types\/page"}],"author":[{"embeddable":true,"href":"https:\/\/isfd41-bue.infd.edu.ar\/sitio\/wp-json\/wp\/v2\/users\/7"}],"replies":[{"embeddable":true,"href":"https:\/\/isfd41-bue.infd.edu.ar\/sitio\/wp-json\/wp\/v2\/comments?post=819"}],"version-history":[{"count":5,"href":"https:\/\/isfd41-bue.infd.edu.ar\/sitio\/wp-json\/wp\/v2\/pages\/819\/revisions"}],"predecessor-version":[{"id":3386,"href":"https:\/\/isfd41-bue.infd.edu.ar\/sitio\/wp-json\/wp\/v2\/pages\/819\/revisions\/3386"}],"wp:attachment":[{"href":"https:\/\/isfd41-bue.infd.edu.ar\/sitio\/wp-json\/wp\/v2\/media?parent=819"}],"curies":[{"name":"wp","href":"https:\/\/api.w.org\/{rel}","templated":true}]}}