{"id":818,"date":"2018-08-29T16:37:55","date_gmt":"2018-08-29T19:37:55","guid":{"rendered":"https:\/\/isfd41-bue.infd.edu.ar\/sitio\/profesorado-de-ciencias-naturales\/"},"modified":"2026-03-08T20:02:49","modified_gmt":"2026-03-08T23:02:49","slug":"profesorado-de-ciencias-naturales","status":"publish","type":"page","link":"https:\/\/isfd41-bue.infd.edu.ar\/sitio\/profesorado-de-ciencias-naturales\/","title":{"rendered":"Profesorado de FISICA, QUIMICA Y BIOLOGIA"},"content":{"rendered":"<h2 style=\"text-align: left;\"><\/h2>\n<h2><strong>JEFATURA DE AREA\u00a0 : Lic Vanesa Vi\u00f1a<\/strong><\/h2>\n<h3><strong>CORREO :<span style=\"color: #00ccff;\">\u00a0 \u00a0isfd41jefaturanaturales@gmail.com<\/span><\/strong><\/h3>\n<h1 style=\"text-align: center;\"><span style=\"color: #ff0000;\"><a href=\"https:\/\/isfd41-bue.infd.edu.ar\/sitio\/wp-content\/uploads\/2026\/03\/HORARIOS-2026-PROFESORADO-DE-EDUCACION-SECUNDARIA-EN-FISICA-PROFESORADO-DE-EDUCACION-SECUNDARIA-EN-QUIMICA-PROFESORADO-DE-EDUCACION-SECUNDARIA-EN-BIOLOGIA.pdf\">HORARIOS 2026 <\/a><\/span><\/h1>\n<h1 style=\"text-align: center;\"><span style=\"color: #ff0000;\"><a href=\"https:\/\/isfd41-bue.infd.edu.ar\/sitio\/wp-content\/uploads\/2026\/03\/HORARIOS-2026-PROFESORADO-DE-EDUCACION-SECUNDARIA-EN-FISICA-PROFESORADO-DE-EDUCACION-SECUNDARIA-EN-QUIMICA-PROFESORADO-DE-EDUCACION-SECUNDARIA-EN-BIOLOGIA.pdf\">PROFESORADO DE EDUCACION SECUNDARIA EN FISICA PROFESORADO DE EDUCACION SECUNDARIA EN QUIMICA PROFESORADO DE EDUCACION SECUNDARIA EN BIOLOGIA<\/a><\/span><\/h1>\n<h1 style=\"text-align: center;\">INICIO DE CLASES : 25\/3\/2026<\/h1>\n<h3><strong>DOCUMENTACI\u00d3N REQUERIDA A PRESENTAR:<\/strong><\/h3>\n<p><strong>Debe ser en formato papel, debidamente completa,<br \/>\ny todo en un folio tama\u00f1o oficio:\u00a0<\/strong><\/p>\n<p><strong>1.-<\/strong><strong>Comprobante de <em>pre inscripci\u00f3n<\/em> impreso (solo 1ra hoja del correo recibido).<\/strong><\/p>\n<p><strong>2.-<a href=\"https:\/\/isfd41-bue.infd.edu.ar\/sitio\/wp-content\/uploads\/2024\/11\/PLANILLA-INSCRIPCION-2025-2.pdf\">PLANILLA INSCRIPCION 2025<\/a><\/strong><strong>\u00a0 completa con datos personales.<\/strong><\/p>\n<p><strong>3.-<\/strong><strong>Fotocopia de DNI (ambos lados).<\/strong><\/p>\n<p><strong>4.-<\/strong><strong>Fotocopia del T\u00edtulo\/Anal\u00edtico de estudios secundarios, (con el sello del <a href=\"https:\/\/i.imgur.com\/BuXysiA.png\">registro en el Consejo Escolar<\/a> de tu lugar de residencia), Anverso y Reverso (traer original tambi\u00e9n)<\/strong><\/p>\n<p><strong>o<\/strong><strong> Constancia de T\u00edtulo en tr\u00e1mite, o Constancia de Alumno Regular (en caso de estar en el \u00faltimo a\u00f1o de la secundaria).<\/strong><\/p>\n<p><strong>5.-<\/strong><strong><a href=\"https:\/\/isfd41-bue.infd.edu.ar\/sitio\/wp-content\/uploads\/2024\/11\/PLANILLA-DE-APTITUD-PSICO-FISICA-2025-1.pdf\">PLANILLA-PSICO-FISICO-2025<\/a> firmada y sellada por los profesionales de salud (psico= solo por psiquiatra o psic\u00f3logo). Se presenta original y fotocopia del mismo.<\/strong><\/p>\n<p><strong>6.- <\/strong><strong>CERTIFICADO DE SALUD ODONTOL\u00d3GICA. Se presenta original y fotocopia.<\/strong><\/p>\n<p><strong>7.- <\/strong><strong>Dos (2) Fotos 4&#215;4 (si es impresa debe ser a color, clara, y de tama\u00f1o 4x4cm).<\/strong><\/p>\n<p><strong>8.-<\/strong><strong>Cuota anual de la Cooperadora del ISFD 41 (consultar monto en el momento).<\/strong><\/p>\n<p><strong>Todo en un<em> folio<\/em> tama\u00f1o oficio (ni carpeta ni sobre por favor)<\/strong><\/p>\n<h1 style=\"text-align: center;\"><span style=\"color: #ff0000;\">PLANES DE ESTUDIO<\/span><\/h1>\n<h5><strong><a href=\"https:\/\/isfd41-bue.infd.edu.ar\/sitio\/wp-content\/uploads\/2025\/03\/PROFESORADO-EN-EDUCACION-SECUNDARIA-EN-BIOLOGIA-.pdf\">PROFESORADO EN EDUCACION SECUNDARIA EN BIOLOGIA &#8211;<\/a> RES. 3605\/22<\/strong><\/h5>\n<h5><a href=\"https:\/\/isfd41-bue.infd.edu.ar\/sitio\/wp-content\/uploads\/2025\/03\/PROFESORADO-DE-EDUCACION-SECUNDARIA-EN-QUIMICA.pdf\">PROFESORADO DE EDUCACION SECUNDARIA EN QUIMICA<\/a>&#8211; RES.\u00a0 3610\/22<\/h5>\n<h5><a href=\"https:\/\/isfd41-bue.infd.edu.ar\/sitio\/wp-content\/uploads\/2025\/03\/PROFESORADO-DE-EDUCACION-SECUNDARIA-EN-FISICA.pdf\">PROFESORADO DE EDUCACION SECUNDARIA EN FISICA<\/a>\u00a0 &#8211; RES.\u00a0 3607\/22<\/h5>\n<p style=\"text-align: left;\">\n","protected":false},"excerpt":{"rendered":"<p>JEFATURA DE AREA\u00a0 : Lic Vanesa Vi\u00f1a CORREO :\u00a0 \u00a0isfd41jefaturanaturales@gmail.com HORARIOS 2026 PROFESORADO DE EDUCACION SECUNDARIA EN FISICA PROFESORADO DE EDUCACION SECUNDARIA EN QUIMICA PROFESORADO DE EDUCACION SECUNDARIA EN BIOLOGIA INICIO DE CLASES : 25\/3\/2026 DOCUMENTACI\u00d3N REQUERIDA A PRESENTAR: Debe ser en formato papel, debidamente completa, y todo en un folio tama\u00f1o oficio:\u00a0 1.-Comprobante de &#8230; <a title=\"Profesorado de FISICA, QUIMICA Y BIOLOGIA\" class=\"read-more\" href=\"https:\/\/isfd41-bue.infd.edu.ar\/sitio\/profesorado-de-ciencias-naturales\/\" aria-label=\"More on Profesorado de FISICA, QUIMICA Y BIOLOGIA\">[+]<\/a><\/p>\n","protected":false},"author":7,"featured_media":0,"parent":0,"menu_order":0,"comment_status":"closed","ping_status":"closed","template":"","meta":[],"acf":[],"_links":{"self":[{"href":"https:\/\/isfd41-bue.infd.edu.ar\/sitio\/wp-json\/wp\/v2\/pages\/818"}],"collection":[{"href":"https:\/\/isfd41-bue.infd.edu.ar\/sitio\/wp-json\/wp\/v2\/pages"}],"about":[{"href":"https:\/\/isfd41-bue.infd.edu.ar\/sitio\/wp-json\/wp\/v2\/types\/page"}],"author":[{"embeddable":true,"href":"https:\/\/isfd41-bue.infd.edu.ar\/sitio\/wp-json\/wp\/v2\/users\/7"}],"replies":[{"embeddable":true,"href":"https:\/\/isfd41-bue.infd.edu.ar\/sitio\/wp-json\/wp\/v2\/comments?post=818"}],"version-history":[{"count":13,"href":"https:\/\/isfd41-bue.infd.edu.ar\/sitio\/wp-json\/wp\/v2\/pages\/818\/revisions"}],"predecessor-version":[{"id":4375,"href":"https:\/\/isfd41-bue.infd.edu.ar\/sitio\/wp-json\/wp\/v2\/pages\/818\/revisions\/4375"}],"wp:attachment":[{"href":"https:\/\/isfd41-bue.infd.edu.ar\/sitio\/wp-json\/wp\/v2\/media?parent=818"}],"curies":[{"name":"wp","href":"https:\/\/api.w.org\/{rel}","templated":true}]}}