{"id":4251,"date":"2025-12-03T21:51:21","date_gmt":"2025-12-04T00:51:21","guid":{"rendered":"https:\/\/isfd41-bue.infd.edu.ar\/sitio\/?page_id=4251"},"modified":"2026-02-02T14:02:20","modified_gmt":"2026-02-02T17:02:20","slug":"estudiantes-iitinerantes","status":"publish","type":"page","link":"https:\/\/isfd41-bue.infd.edu.ar\/sitio\/estudiantes-iitinerantes\/","title":{"rendered":"ESTUDIANTES ITINERANTES"},"content":{"rendered":"\n<p><\/p>\n\n\n\n<p><strong>MARCO NORMATIVO<\/strong> : <a href=\"https:\/\/isfd41-bue.infd.edu.ar\/sitio\/r-a-m-regimen-academico-marco\/\" data-type=\"URL\" data-id=\"https:\/\/isfd41-bue.infd.edu.ar\/sitio\/r-a-m-regimen-academico-marco\/\">R\u00c9GIMEN ACADEMICO MARCO RES.N\u00ba 4196\/24<\/a><\/p>\n\n\n\n<p><strong>ESTUDIANTE ITINERANTE <\/strong>\u2013 Definici\u00f3n:<\/p>\n\n\n\n<p><em>\u201cLa o el estudiante itinerante es quien cursa como estudiante regular en un IS dependiente de la DGCyE y, al mismo tiempo, cursa una o m\u00e1s unidades curriculares en otro IS de la jurisdicci\u00f3n , en la que no se encuentra matriculada o matriculado para acreditar una o m\u00e1s unidades curriculares en un Profesorado o Tecnicatura.\u201d<\/em><\/p>\n\n\n\n<p>1.-<strong> \u00bfCu\u00e1ntas materias puedo cursar?<\/strong><\/p>\n\n\n\n<p>&nbsp;&nbsp;&nbsp;&nbsp;&nbsp; &nbsp;Hasta el 30% de las unidades curriculares (materias) de TODA la carrera, a excepci\u00f3n del CAMPO DE LA PRACTICA DOCENTE.<\/p>\n\n\n\n<p>2.- <strong>\u00bfCu\u00e1ndo puedo solicitar ser estudiante itinerante?<\/strong><\/p>\n\n\n\n<p>&nbsp;&nbsp;&nbsp;&nbsp;&nbsp;&nbsp;&nbsp; La solicitud <a href=\"https:\/\/isfd41-bue.infd.edu.ar\/sitio\/wp-content\/uploads\/2026\/02\/SOLICITUD-DE-ESTUDIANTE-ITINERANTE-FORMULARIO-A-1.pdf\">(formulario A)<\/a> debe ser presentada en el per\u00edodo de inscripci\u00f3n a las materias, ante el ISFD donde quieras cursar. Es importante comunicarse previamente con la instituci\u00f3n para que te informe la fecha y el modo de formalizar el pedido.<\/p>\n\n\n\n<p>3.-<strong> \u00bfQu\u00e9 materias puedo cursar como estudiante itinerante?<\/strong><\/p>\n\n\n\n<p>&nbsp;&nbsp;&nbsp;&nbsp;&nbsp;&nbsp;&nbsp; Solo podr\u00e1s cursar materias que correspondan a tu mismo plan de estudios (excepto el Campo de la Practica), o bien sea una Unidad curricular con igual denominaci\u00f3n, carga horaria y contenidos m\u00ednimos prescriptos que en el dise\u00f1o de tu carrera<\/p>\n\n\n\n<p>&nbsp;4.<strong>&#8211; \u00bfD\u00f3nde debo acreditar la materia?<\/strong><\/p>\n\n\n\n<p>&nbsp;&nbsp;&nbsp;&nbsp;&nbsp;&nbsp;&nbsp; La acreditaci\u00f3n final, se deber\u00e1 realizar en el ISFD donde se curs\u00f3 como estudiante itinerante.<\/p>\n\n\n\n<p>5.-<strong> \u00bfCu\u00e1l es la vigencia de esa cursada?<\/strong><\/p>\n\n\n\n<p>&nbsp;&nbsp;&nbsp;&nbsp;&nbsp; La cursada como estudiante itinerante, tendr\u00e1 una vigencia de 8 (ocho) turnos consecutivos a partir de la finalizaci\u00f3n de la cursada. &nbsp;&nbsp;&nbsp;&nbsp;&nbsp;&nbsp;&nbsp;<\/p>\n\n\n\n<p> Si estas considerando cursar como estudiante itinerante en nuestro Instituto, te sugerimos consultar en nuestra p\u00e1gina web la informaci\u00f3n sobre el cronograma de fechas de inscripci\u00f3n a las Unidades Curriculares o te comuniques con las jefaturas de \u00e1rea de cada carrera:<\/p>\n\n\n\n<figure class=\"wp-block-image size-full\"><img decoding=\"async\" loading=\"lazy\" width=\"800\" height=\"280\" src=\"https:\/\/isfd41-bue.infd.edu.ar\/sitio\/wp-content\/uploads\/2025\/06\/cartel-jefaturas-mail-1.png\" alt=\"\" class=\"wp-image-3725\" srcset=\"https:\/\/isfd41-bue.infd.edu.ar\/sitio\/wp-content\/uploads\/2025\/06\/cartel-jefaturas-mail-1.png 800w, https:\/\/isfd41-bue.infd.edu.ar\/sitio\/wp-content\/uploads\/2025\/06\/cartel-jefaturas-mail-1-768x269.png 768w\" sizes=\"(max-width: 800px) 100vw, 800px\" \/><\/figure>\n\n\n\n<p>Durante el per\u00edodo de inscripci\u00f3n a las UC, (el cronograma  se publica en nuestra pagina web) ten\u00e9s que presentar la Solicitud de estudiante itinerante<a href=\"https:\/\/isfd41-bue.infd.edu.ar\/aula\/administracion\/admin_archivos.cgi?id=23269&amp;wAccion=modifica_data&amp;wid_cursoActual=961&amp;publicas=1&amp;wStatus=publicas%3D1%26wAccion%3Dmodificar%26wAsc%3DDESC%26wFiltro%3Dnombre%26wOrder%3Dstring_fecha_alta%26wPaginaActual%3D1%26wPartial%3D1%26wid_cursoActual%3D961\" data-type=\"URL\" data-id=\"https:\/\/isfd41-bue.infd.edu.ar\/aula\/administracion\/admin_archivos.cgi?id=23269&amp;wAccion=modifica_data&amp;wid_cursoActual=961&amp;publicas=1&amp;wStatus=publicas%3D1%26wAccion%3Dmodificar%26wAsc%3DDESC%26wFiltro%3Dnombre%26wOrder%3Dstring_fecha_alta%26wPaginaActual%3D1%26wPartial%3D1%26wid_cursoActual%3D961\"> (Formulario A)<\/a>, y la siguiente documentaci\u00f3n:(en un folio tama\u00f1o oficio)<\/p>\n\n\n\n<p>a.-Fotocopia de DNI, anverso y reverso.<\/p>\n\n\n\n<p>b.-Anal\u00edtico parcial actualizado a la fecha de solicitud.<\/p>\n\n\n\n<p>c.<a href=\"https:\/\/isfd41-bue.infd.edu.ar\/sitio\/wp-content\/uploads\/2026\/02\/ESTUDIANTES_ITINERANTES_FICHA_DE_INSCRIPCION.docx\">-Ficha de inscripci\u00f3n completa y firmada.<\/a><\/p>\n\n\n\n<p>Una vez aceptada tu solicitud, notific\u00e1 a la Direcci\u00f3n del Instituto Superior donde est\u00e9s matriculada\/o; a trav\u00e9s de la entrega del <a href=\"https:\/\/isfd41-bue.infd.edu.ar\/sitio\/wp-content\/uploads\/2026\/02\/NOTIFICACION-AL-INSTITUTO-FORMULARIO-B.pdf\">Formulario B.<\/a><\/p>\n\n\n\n<p>El estudiante itinerante, debe cumplir con las condiciones institucionales (RAI), Acuerdo Institucional de Convivencia  y la propuesta pedag\u00f3gica para la acreditaci\u00f3n de la Unidad Curricular del Instituto Superior en el que realiza la solicitud.<\/p>\n\n\n\n<p>Una vez acreditada la UC en el instituto donde cursaste como estudiante itinerante, solicit\u00e1 la constancia de acreditaci\u00f3n por duplicado (nota final) mediante el<a href=\"https:\/\/isfd41-bue.infd.edu.ar\/sitio\/wp-content\/uploads\/2026\/02\/CONSTANCIA-DE-ACREDITACION-FORMULARIO-D.pdf\"> Formulario D,<\/a> que deber\u00e1s presentar en el Instituto donde estas matriculado.<\/p>\n","protected":false},"excerpt":{"rendered":"<p>MARCO NORMATIVO : R\u00c9GIMEN ACADEMICO MARCO RES.N\u00ba 4196\/24 ESTUDIANTE ITINERANTE \u2013 Definici\u00f3n: \u201cLa o el estudiante itinerante es quien cursa como estudiante regular en un IS dependiente de la DGCyE y, al mismo tiempo, cursa una o m\u00e1s unidades curriculares en otro IS de la jurisdicci\u00f3n , en la que no se encuentra matriculada o &#8230; <a title=\"ESTUDIANTES ITINERANTES\" class=\"read-more\" href=\"https:\/\/isfd41-bue.infd.edu.ar\/sitio\/estudiantes-iitinerantes\/\" aria-label=\"More on ESTUDIANTES ITINERANTES\">[+]<\/a><\/p>\n","protected":false},"author":2889,"featured_media":0,"parent":0,"menu_order":0,"comment_status":"closed","ping_status":"closed","template":"","meta":[],"acf":[],"_links":{"self":[{"href":"https:\/\/isfd41-bue.infd.edu.ar\/sitio\/wp-json\/wp\/v2\/pages\/4251"}],"collection":[{"href":"https:\/\/isfd41-bue.infd.edu.ar\/sitio\/wp-json\/wp\/v2\/pages"}],"about":[{"href":"https:\/\/isfd41-bue.infd.edu.ar\/sitio\/wp-json\/wp\/v2\/types\/page"}],"author":[{"embeddable":true,"href":"https:\/\/isfd41-bue.infd.edu.ar\/sitio\/wp-json\/wp\/v2\/users\/2889"}],"replies":[{"embeddable":true,"href":"https:\/\/isfd41-bue.infd.edu.ar\/sitio\/wp-json\/wp\/v2\/comments?post=4251"}],"version-history":[{"count":8,"href":"https:\/\/isfd41-bue.infd.edu.ar\/sitio\/wp-json\/wp\/v2\/pages\/4251\/revisions"}],"predecessor-version":[{"id":4320,"href":"https:\/\/isfd41-bue.infd.edu.ar\/sitio\/wp-json\/wp\/v2\/pages\/4251\/revisions\/4320"}],"wp:attachment":[{"href":"https:\/\/isfd41-bue.infd.edu.ar\/sitio\/wp-json\/wp\/v2\/media?parent=4251"}],"curies":[{"name":"wp","href":"https:\/\/api.w.org\/{rel}","templated":true}]}}