{"id":3881,"date":"2025-11-25T19:51:00","date_gmt":"2025-11-25T22:51:00","guid":{"rendered":"https:\/\/isfd41-bue.infd.edu.ar\/sitio\/?page_id=3881"},"modified":"2025-12-01T10:20:50","modified_gmt":"2025-12-01T13:20:50","slug":"ingreso-2026","status":"publish","type":"page","link":"https:\/\/isfd41-bue.infd.edu.ar\/sitio\/ingreso-2026\/","title":{"rendered":"INGRESO 2026"},"content":{"rendered":"\n<p><\/p>\n\n\n\n<figure class=\"wp-block-image size-full\"><img decoding=\"async\" loading=\"lazy\" width=\"1096\" height=\"492\" src=\"https:\/\/isfd41-bue.infd.edu.ar\/sitio\/wp-content\/uploads\/2025\/11\/ingreso-2026.png\" alt=\"\" class=\"wp-image-3898\" srcset=\"https:\/\/isfd41-bue.infd.edu.ar\/sitio\/wp-content\/uploads\/2025\/11\/ingreso-2026.png 1096w, https:\/\/isfd41-bue.infd.edu.ar\/sitio\/wp-content\/uploads\/2025\/11\/ingreso-2026-1000x449.png 1000w, https:\/\/isfd41-bue.infd.edu.ar\/sitio\/wp-content\/uploads\/2025\/11\/ingreso-2026-768x345.png 768w\" sizes=\"(max-width: 1096px) 100vw, 1096px\" \/><\/figure>\n\n\n\n<p><strong>PREINSCRIPCI\u00d3N: <\/strong><\/p>\n\n\n\n<p><strong> El 1\/12\/2025 a las 10.hs se habilitar\u00e1n los formularios de preinscripci\u00f3n en nuestra p\u00e1gina de inicio hasta completar los cupos.<\/strong>El sistema enviar\u00e1 en forma autom\u00e1tica una copia del formulario al remitente(revisar spam ).Guardar la copia para presentar en la instancia de matriculaci\u00f3n presencial.<\/p>\n\n\n\n<p><strong>DOCUMENTACI\u00d3N REQUERIDA A PRESENTAR:<\/strong><strong><\/strong><\/p>\n\n\n\n<p><strong>Debe ser en formato papel, debidamente completa,(si es manuscrita , letra legible  )<br>y todo en un folio tama\u00f1o oficio:&nbsp;<\/strong><\/p>\n\n\n\n<p><strong>1.-Comprobante de&nbsp;<em>pre inscripci\u00f3n<\/em>&nbsp;impreso (solo 1ra hoja del correo recibido).<\/strong><\/p>\n\n\n\n<p><strong>2.<a href=\"https:\/\/isfd41-bue.infd.edu.ar\/sitio\/wp-content\/uploads\/2024\/11\/PLANILLA-INSCRIPCION-2025-2.pdf\"> PLANILLLA DE INSCRIPCI\u00d3N 2026<\/a> completa con datos personales.<\/strong><\/p>\n\n\n\n<p><strong>3.-Fotocopia de DNI (ambos lados).<\/strong><\/p>\n\n\n\n<p><strong>4.-Fotocopia del T\u00edtulo\/Anal\u00edtico de estudios secundarios, (con el sello del&nbsp;registro en el Consejo Escolar&nbsp;de tu lugar de residencia), Anverso y Reverso (traer original tambi\u00e9n)o&nbsp;Constancia de T\u00edtulo en tr\u00e1mite, o Constancia de Alumno Regular (en caso de estar en el \u00faltimo a\u00f1o de la secundaria).<\/strong><\/p>\n\n\n\n<p><strong>5.-<a href=\"https:\/\/isfd41-bue.infd.edu.ar\/sitio\/wp-content\/uploads\/2024\/11\/PLANILLA-DE-APTITUD-PSICO-FISICA-2025-1.pdf\">PLANILLA DE APTITUD PSICO-F\u00cdSICA 2026<\/a>&nbsp;firmada y sellada por los profesionales de salud  (psicosolgico, solo por psiquiatra o psic\u00f3logo). Se presenta original y fotocopia del mismo.<\/strong><\/p>\n\n\n\n<p><strong>6.-&nbsp;CERTIFICADO DE SALUD ODONTOL\u00d3GICA. Se presenta original y fotocopia.<\/strong><\/p>\n\n\n\n<p><strong>7.-&nbsp;Dos (2) Fotos 4\u00d74 (si es impresa debe ser a color, clara, y de tama\u00f1o 4x4cm).<\/strong><\/p>\n\n\n\n<p><strong>8.-Cuota anual de la Cooperadora del ISFD 41   : $ 36000.-<\/strong><\/p>\n\n\n\n<p><strong>Todo en un<em>&nbsp;folio<\/em>&nbsp;tama\u00f1o oficio (ni carpeta ni sobre por favor)<\/strong><\/p>\n","protected":false},"excerpt":{"rendered":"<p>PREINSCRIPCI\u00d3N: El 1\/12\/2025 a las 10.hs se habilitar\u00e1n los formularios de preinscripci\u00f3n en nuestra p\u00e1gina de inicio hasta completar los cupos.El sistema enviar\u00e1 en forma autom\u00e1tica una copia del formulario al remitente(revisar spam ).Guardar la copia para presentar en la instancia de matriculaci\u00f3n presencial. DOCUMENTACI\u00d3N REQUERIDA A PRESENTAR: Debe ser en formato papel, debidamente completa,(si &#8230; <a title=\"INGRESO 2026\" class=\"read-more\" href=\"https:\/\/isfd41-bue.infd.edu.ar\/sitio\/ingreso-2026\/\" aria-label=\"More on INGRESO 2026\">[+]<\/a><\/p>\n","protected":false},"author":2889,"featured_media":0,"parent":0,"menu_order":0,"comment_status":"closed","ping_status":"closed","template":"","meta":[],"acf":[],"_links":{"self":[{"href":"https:\/\/isfd41-bue.infd.edu.ar\/sitio\/wp-json\/wp\/v2\/pages\/3881"}],"collection":[{"href":"https:\/\/isfd41-bue.infd.edu.ar\/sitio\/wp-json\/wp\/v2\/pages"}],"about":[{"href":"https:\/\/isfd41-bue.infd.edu.ar\/sitio\/wp-json\/wp\/v2\/types\/page"}],"author":[{"embeddable":true,"href":"https:\/\/isfd41-bue.infd.edu.ar\/sitio\/wp-json\/wp\/v2\/users\/2889"}],"replies":[{"embeddable":true,"href":"https:\/\/isfd41-bue.infd.edu.ar\/sitio\/wp-json\/wp\/v2\/comments?post=3881"}],"version-history":[{"count":7,"href":"https:\/\/isfd41-bue.infd.edu.ar\/sitio\/wp-json\/wp\/v2\/pages\/3881\/revisions"}],"predecessor-version":[{"id":3922,"href":"https:\/\/isfd41-bue.infd.edu.ar\/sitio\/wp-json\/wp\/v2\/pages\/3881\/revisions\/3922"}],"wp:attachment":[{"href":"https:\/\/isfd41-bue.infd.edu.ar\/sitio\/wp-json\/wp\/v2\/media?parent=3881"}],"curies":[{"name":"wp","href":"https:\/\/api.w.org\/{rel}","templated":true}]}}