{"id":3693,"date":"2025-05-01T03:55:54","date_gmt":"2025-05-01T06:55:54","guid":{"rendered":"https:\/\/isfd41-bue.infd.edu.ar\/sitio\/?page_id=3693"},"modified":"2025-05-01T04:08:33","modified_gmt":"2025-05-01T07:08:33","slug":"r-a-m-regimen-academico-marco","status":"publish","type":"page","link":"https:\/\/isfd41-bue.infd.edu.ar\/sitio\/r-a-m-regimen-academico-marco\/","title":{"rendered":"R. A. M. (R\u00c9GIMEN ACAD\u00c9MICO MARCO)"},"content":{"rendered":"\n<p>Querida comunidad educativa del ISFD 41, nos complace socializar el Nuevo R\u00e9gimen Acad\u00e9mico Marco con sus respectivos anexos.<\/p>\n\n\n\n<p><a rel=\"noreferrer noopener\" href=\"https:\/\/isfd41-bue.infd.edu.ar\/sitio\/wp-content\/uploads\/2025\/05\/NUEVO-RAM.pdf\" target=\"_blank\">NUEVO R\u00c9GIMEN ACAD\u00c9MICO MARCO<\/a> <\/p>\n\n\n\n<div class=\"wp-block-file\"><object class=\"wp-block-file__embed\" data=\"https:\/\/isfd41-bue.infd.edu.ar\/sitio\/wp-content\/uploads\/2025\/05\/NUEVO-RAM-1.pdf\" type=\"application\/pdf\" style=\"width:100%;height:720px\" aria-label=\"Incrustado de NUEVO-RAM-1.\"><\/object><a id=\"wp-block-file--media-ebf896b3-8ebf-4f07-9880-fd83b22d60f9\" href=\"https:\/\/isfd41-bue.infd.edu.ar\/sitio\/wp-content\/uploads\/2025\/05\/NUEVO-RAM-1.pdf\">NUEVO-RAM-1<\/a><a href=\"https:\/\/isfd41-bue.infd.edu.ar\/sitio\/wp-content\/uploads\/2025\/05\/NUEVO-RAM-1.pdf\" class=\"wp-block-file__button wp-element-button\" download aria-describedby=\"wp-block-file--media-ebf896b3-8ebf-4f07-9880-fd83b22d60f9\">Descarga<\/a><\/div>\n","protected":false},"excerpt":{"rendered":"<p>Querida comunidad educativa del ISFD 41, nos complace socializar el Nuevo R\u00e9gimen Acad\u00e9mico Marco con sus respectivos anexos. NUEVO R\u00c9GIMEN ACAD\u00c9MICO MARCO<\/p>\n","protected":false},"author":12574,"featured_media":3701,"parent":0,"menu_order":0,"comment_status":"closed","ping_status":"closed","template":"","meta":[],"acf":[],"_links":{"self":[{"href":"https:\/\/isfd41-bue.infd.edu.ar\/sitio\/wp-json\/wp\/v2\/pages\/3693"}],"collection":[{"href":"https:\/\/isfd41-bue.infd.edu.ar\/sitio\/wp-json\/wp\/v2\/pages"}],"about":[{"href":"https:\/\/isfd41-bue.infd.edu.ar\/sitio\/wp-json\/wp\/v2\/types\/page"}],"author":[{"embeddable":true,"href":"https:\/\/isfd41-bue.infd.edu.ar\/sitio\/wp-json\/wp\/v2\/users\/12574"}],"replies":[{"embeddable":true,"href":"https:\/\/isfd41-bue.infd.edu.ar\/sitio\/wp-json\/wp\/v2\/comments?post=3693"}],"version-history":[{"count":3,"href":"https:\/\/isfd41-bue.infd.edu.ar\/sitio\/wp-json\/wp\/v2\/pages\/3693\/revisions"}],"predecessor-version":[{"id":3704,"href":"https:\/\/isfd41-bue.infd.edu.ar\/sitio\/wp-json\/wp\/v2\/pages\/3693\/revisions\/3704"}],"wp:featuredmedia":[{"embeddable":true,"href":"https:\/\/isfd41-bue.infd.edu.ar\/sitio\/wp-json\/wp\/v2\/media\/3701"}],"wp:attachment":[{"href":"https:\/\/isfd41-bue.infd.edu.ar\/sitio\/wp-json\/wp\/v2\/media?parent=3693"}],"curies":[{"name":"wp","href":"https:\/\/api.w.org\/{rel}","templated":true}]}}