{"id":286,"date":"2016-10-31T13:17:59","date_gmt":"2016-10-31T16:17:59","guid":{"rendered":"https:\/\/isfd41-bue.infd.edu.ar\/sitio\/?page_id=286"},"modified":"2026-04-05T21:24:00","modified_gmt":"2026-04-06T00:24:00","slug":"inicio","status":"publish","type":"page","link":"https:\/\/isfd41-bue.infd.edu.ar\/sitio\/","title":{"rendered":"Inicio"},"content":{"rendered":"<div class=\"wp-block-image is-style-rounded\">\n<figure class=\"aligncenter size-full\"><a href=\"https:\/\/isfd41-bue.infd.edu.ar\/sitio\/category\/noticias\/\"><img decoding=\"async\" loading=\"lazy\" width=\"474\" height=\"107\" src=\"https:\/\/isfd41-bue.infd.edu.ar\/sitio\/wp-content\/uploads\/2025\/02\/noticias.jpg\" alt=\"\" class=\"wp-image-3539\"\/><\/a><\/figure><\/div>\n\n\n<p class=\"has-text-align-center has-text-color has-large-font-size\" style=\"color:#3da20b\"><strong>Recordamos a nuestra comunidad que el \u00fanico medio oficial de comunicaci\u00f3n es esta p\u00e1gina<\/strong><\/p>\n\n\n\n<figure class=\"wp-block-image size-large\"><img decoding=\"async\" loading=\"lazy\" width=\"1900\" height=\"1069\" src=\"https:\/\/isfd41-bue.infd.edu.ar\/sitio\/wp-content\/uploads\/2026\/03\/CRONOGRAMA-1900x1069.jpg\" alt=\"\" class=\"wp-image-4391\" srcset=\"https:\/\/isfd41-bue.infd.edu.ar\/sitio\/wp-content\/uploads\/2026\/03\/CRONOGRAMA-1900x1069.jpg 1900w, https:\/\/isfd41-bue.infd.edu.ar\/sitio\/wp-content\/uploads\/2026\/03\/CRONOGRAMA-1000x563.jpg 1000w, https:\/\/isfd41-bue.infd.edu.ar\/sitio\/wp-content\/uploads\/2026\/03\/CRONOGRAMA-768x432.jpg 768w, https:\/\/isfd41-bue.infd.edu.ar\/sitio\/wp-content\/uploads\/2026\/03\/CRONOGRAMA-1536x864.jpg 1536w, https:\/\/isfd41-bue.infd.edu.ar\/sitio\/wp-content\/uploads\/2026\/03\/CRONOGRAMA.jpg 1920w\" sizes=\"(max-width: 1900px) 100vw, 1900px\" \/><\/figure>\n\n\n<div class=\"wp-block-image\">\n<figure class=\"aligncenter size-large is-resized\"><img decoding=\"async\" loading=\"lazy\" src=\"https:\/\/isfd41-bue.infd.edu.ar\/sitio\/wp-content\/uploads\/2025\/12\/imagen_incrustada1-1344x1900.png\" alt=\"\" class=\"wp-image-4270\" width=\"590\" height=\"834\" srcset=\"https:\/\/isfd41-bue.infd.edu.ar\/sitio\/wp-content\/uploads\/2025\/12\/imagen_incrustada1-1344x1900.png 1344w, https:\/\/isfd41-bue.infd.edu.ar\/sitio\/wp-content\/uploads\/2025\/12\/imagen_incrustada1-707x1000.png 707w, https:\/\/isfd41-bue.infd.edu.ar\/sitio\/wp-content\/uploads\/2025\/12\/imagen_incrustada1-768x1086.png 768w, https:\/\/isfd41-bue.infd.edu.ar\/sitio\/wp-content\/uploads\/2025\/12\/imagen_incrustada1-1086x1536.png 1086w, https:\/\/isfd41-bue.infd.edu.ar\/sitio\/wp-content\/uploads\/2025\/12\/imagen_incrustada1-1448x2048.png 1448w\" sizes=\"(max-width: 590px) 100vw, 590px\" \/><\/figure><\/div>\n\n<div class=\"wp-block-image\">\n<figure class=\"aligncenter size-full is-resized\"><a href=\"https:\/\/isfd41-bue.infd.edu.ar\/sitio\/wp-admin\/post.php?post=842&amp;action=edit\"><img decoding=\"async\" loading=\"lazy\" src=\"https:\/\/isfd41-bue.infd.edu.ar\/sitio\/wp-content\/uploads\/2025\/12\/CONCURSOS-2026.png\" alt=\"\" class=\"wp-image-4280\" width=\"719\" height=\"322\" srcset=\"https:\/\/isfd41-bue.infd.edu.ar\/sitio\/wp-content\/uploads\/2025\/12\/CONCURSOS-2026.png 1096w, https:\/\/isfd41-bue.infd.edu.ar\/sitio\/wp-content\/uploads\/2025\/12\/CONCURSOS-2026-1000x449.png 1000w, https:\/\/isfd41-bue.infd.edu.ar\/sitio\/wp-content\/uploads\/2025\/12\/CONCURSOS-2026-768x345.png 768w\" sizes=\"(max-width: 719px) 100vw, 719px\" \/><\/a><\/figure><\/div>\n\n\n<p><\/p>\n\n\n\n<figure class=\"wp-block-image size-large\"><img decoding=\"async\" loading=\"lazy\" width=\"1900\" height=\"1344\" src=\"https:\/\/isfd41-bue.infd.edu.ar\/sitio\/wp-content\/uploads\/2025\/10\/CRONOGRAMA-INGRESANTES-2026-1900x1344.png\" alt=\"\" class=\"wp-image-3816\" srcset=\"https:\/\/isfd41-bue.infd.edu.ar\/sitio\/wp-content\/uploads\/2025\/10\/CRONOGRAMA-INGRESANTES-2026-1900x1344.png 1900w, https:\/\/isfd41-bue.infd.edu.ar\/sitio\/wp-content\/uploads\/2025\/10\/CRONOGRAMA-INGRESANTES-2026-1000x707.png 1000w, https:\/\/isfd41-bue.infd.edu.ar\/sitio\/wp-content\/uploads\/2025\/10\/CRONOGRAMA-INGRESANTES-2026-768x543.png 768w, https:\/\/isfd41-bue.infd.edu.ar\/sitio\/wp-content\/uploads\/2025\/10\/CRONOGRAMA-INGRESANTES-2026-1536x1086.png 1536w, https:\/\/isfd41-bue.infd.edu.ar\/sitio\/wp-content\/uploads\/2025\/10\/CRONOGRAMA-INGRESANTES-2026-2048x1448.png 2048w\" sizes=\"(max-width: 1900px) 100vw, 1900px\" \/><\/figure>\n\n\n\n<h2 class=\"wp-block-heading has-text-align-center\"><\/h2>\n\n\n\n<figure class=\"wp-block-image size-full is-resized\"><img decoding=\"async\" loading=\"lazy\" src=\"https:\/\/isfd41-bue.infd.edu.ar\/sitio\/wp-content\/uploads\/2026\/01\/WhatsApp-Image-2026-01-12-at-21.03.34.jpeg\" alt=\"\" class=\"wp-image-4303\" width=\"1019\" height=\"685\" srcset=\"https:\/\/isfd41-bue.infd.edu.ar\/sitio\/wp-content\/uploads\/2026\/01\/WhatsApp-Image-2026-01-12-at-21.03.34.jpeg 851w, https:\/\/isfd41-bue.infd.edu.ar\/sitio\/wp-content\/uploads\/2026\/01\/WhatsApp-Image-2026-01-12-at-21.03.34-768x516.jpeg 768w\" sizes=\"(max-width: 1019px) 100vw, 1019px\" \/><\/figure>\n\n\n\n<figure class=\"wp-block-image size-full\"><img decoding=\"async\" loading=\"lazy\" width=\"1280\" height=\"853\" src=\"https:\/\/isfd41-bue.infd.edu.ar\/sitio\/wp-content\/uploads\/2026\/01\/WhatsApp-Image-2026-01-10-at-22.44.05.jpeg\" alt=\"\" class=\"wp-image-4296\" srcset=\"https:\/\/isfd41-bue.infd.edu.ar\/sitio\/wp-content\/uploads\/2026\/01\/WhatsApp-Image-2026-01-10-at-22.44.05.jpeg 1280w, https:\/\/isfd41-bue.infd.edu.ar\/sitio\/wp-content\/uploads\/2026\/01\/WhatsApp-Image-2026-01-10-at-22.44.05-1000x666.jpeg 1000w, https:\/\/isfd41-bue.infd.edu.ar\/sitio\/wp-content\/uploads\/2026\/01\/WhatsApp-Image-2026-01-10-at-22.44.05-768x512.jpeg 768w\" sizes=\"(max-width: 1280px) 100vw, 1280px\" \/><\/figure>\n\n\n\n<figure class=\"wp-block-gallery has-nested-images columns-default is-cropped wp-block-gallery-1 is-layout-flex\">\n<figure class=\"wp-block-image size-full\"><img decoding=\"async\" loading=\"lazy\" width=\"1536\" height=\"1024\" data-id=\"4298\"  src=\"https:\/\/isfd41-bue.infd.edu.ar\/sitio\/wp-content\/uploads\/2026\/01\/1000283088.png\" alt=\"\" class=\"wp-image-4298\" srcset=\"https:\/\/isfd41-bue.infd.edu.ar\/sitio\/wp-content\/uploads\/2026\/01\/1000283088.png 1536w, https:\/\/isfd41-bue.infd.edu.ar\/sitio\/wp-content\/uploads\/2026\/01\/1000283088-1000x667.png 1000w, https:\/\/isfd41-bue.infd.edu.ar\/sitio\/wp-content\/uploads\/2026\/01\/1000283088-768x512.png 768w\" sizes=\"(max-width: 1536px) 100vw, 1536px\" \/><\/figure>\n<\/figure>\n\n\n<div class=\"wp-block-image\">\n<figure class=\"aligncenter size-full\"><img decoding=\"async\" loading=\"lazy\" width=\"1096\" height=\"460\" src=\"https:\/\/isfd41-bue.infd.edu.ar\/sitio\/wp-content\/uploads\/2026\/01\/NORA-MUNOZ.png\" alt=\"\" class=\"wp-image-4289\" srcset=\"https:\/\/isfd41-bue.infd.edu.ar\/sitio\/wp-content\/uploads\/2026\/01\/NORA-MUNOZ.png 1096w, https:\/\/isfd41-bue.infd.edu.ar\/sitio\/wp-content\/uploads\/2026\/01\/NORA-MUNOZ-1000x420.png 1000w, https:\/\/isfd41-bue.infd.edu.ar\/sitio\/wp-content\/uploads\/2026\/01\/NORA-MUNOZ-768x322.png 768w\" sizes=\"(max-width: 1096px) 100vw, 1096px\" \/><\/figure><\/div>\n\n<div class=\"wp-block-image\">\n<figure class=\"aligncenter size-full is-resized\"><img decoding=\"async\" loading=\"lazy\" src=\"https:\/\/isfd41-bue.infd.edu.ar\/sitio\/wp-content\/uploads\/2025\/12\/Propuesta-Institucional.png\" alt=\"\" class=\"wp-image-4276\" width=\"1024\" height=\"459\" srcset=\"https:\/\/isfd41-bue.infd.edu.ar\/sitio\/wp-content\/uploads\/2025\/12\/Propuesta-Institucional.png 1096w, https:\/\/isfd41-bue.infd.edu.ar\/sitio\/wp-content\/uploads\/2025\/12\/Propuesta-Institucional-1000x449.png 1000w, https:\/\/isfd41-bue.infd.edu.ar\/sitio\/wp-content\/uploads\/2025\/12\/Propuesta-Institucional-768x345.png 768w\" sizes=\"(max-width: 1024px) 100vw, 1024px\" \/><\/figure><\/div>\n\n\n<p class=\"has-text-align-center\">                                                                              <strong>       <\/strong><img decoding=\"async\" loading=\"lazy\" width=\"1366\" height=\"768\" class=\"wp-image-3807\" style=\"width: 1000px;\" src=\"https:\/\/isfd41-bue.infd.edu.ar\/sitio\/wp-content\/uploads\/2025\/10\/El-dia-de-ayer-viernes-3-de-octubre-la-inspectora-de-Superior-Prof.-Nata_20251005_222116_0000.png\" alt=\"\" srcset=\"https:\/\/isfd41-bue.infd.edu.ar\/sitio\/wp-content\/uploads\/2025\/10\/El-dia-de-ayer-viernes-3-de-octubre-la-inspectora-de-Superior-Prof.-Nata_20251005_222116_0000.png 1366w, https:\/\/isfd41-bue.infd.edu.ar\/sitio\/wp-content\/uploads\/2025\/10\/El-dia-de-ayer-viernes-3-de-octubre-la-inspectora-de-Superior-Prof.-Nata_20251005_222116_0000-1000x562.png 1000w, https:\/\/isfd41-bue.infd.edu.ar\/sitio\/wp-content\/uploads\/2025\/10\/El-dia-de-ayer-viernes-3-de-octubre-la-inspectora-de-Superior-Prof.-Nata_20251005_222116_0000-768x432.png 768w\" sizes=\"(max-width: 1366px) 100vw, 1366px\" \/><\/p>\n\n\n\n<p>                                                   <\/p>\n\n\n\n<p class=\"has-text-align-center\"><strong><a href=\"https:\/\/docs.google.com\/forms\/d\/e\/1FAIpQLSdcXQxDOarMdqFHGj27v02siP4sTb0B0eXojT2dfFMcqWBYww\/viewform?usp=heade\" target=\"_blank\" rel=\"noreferrer noopener\">FORMULARIO PARA SOLICITUD &nbsp;&nbsp;CONSTANCIAS DE ESTUDIANTE REGULAR PARA LA INSCRIPCI\u00d3N EN LOS LISTADOS 108B &#8211; 108B INFINE EXCLUSIVO REGION V<\/a><\/strong><\/p>\n\n\n<h2 style=\"text-align: center;\">&nbsp;<\/h2>\n<p><\/p>\n<p><img decoding=\"async\" loading=\"lazy\" class=\"size-full wp-image-3737 aligncenter\" src=\"https:\/\/isfd41-bue.infd.edu.ar\/sitio\/wp-content\/uploads\/2025\/06\/MENSAJE.png\" alt=\"\" width=\"658\" height=\"484\"><\/p>\n<hr>\n<p><a href=\"https:\/\/isfd41-bue.infd.edu.ar\/sitio\/profesorado-de-historia-y-geografia\/\"><div  class=\"lgc-column lgc-grid-parent lgc-grid-33 lgc-tablet-grid-50 lgc-mobile-grid-100 lgc-equal-heights \"><div  class=\"inside-grid-column\"><img decoding=\"async\" loading=\"lazy\" class=\"aligncenter size-full wp-image-2884\" src=\"https:\/\/isfd41-bue.infd.edu.ar\/sitio\/wp-content\/uploads\/2023\/03\/2-1.png\" alt=\"\" width=\"280\" height=\"80\"\/><\/div><\/div><\/a><\/p>\n<p><a href=\"https:\/\/isfd41-bue.infd.edu.ar\/sitio\/profesorado-de-ciencias-naturales\/\"><div  class=\"lgc-column lgc-grid-parent lgc-grid-33 lgc-tablet-grid-50 lgc-mobile-grid-100 lgc-equal-heights \"><div  class=\"inside-grid-column\"><img decoding=\"async\" loading=\"lazy\" class=\"aligncenter size-full wp-image-2885\" src=\"https:\/\/isfd41-bue.infd.edu.ar\/sitio\/wp-content\/uploads\/2023\/03\/3.png\" alt=\"\" width=\"280\" height=\"80\"\/><\/div><\/div><\/a><\/p>\n<p><a href=\"https:\/\/isfd41-bue.infd.edu.ar\/sitio\/profesorado-de-ingles\/\"><div  class=\"lgc-column lgc-grid-parent lgc-grid-33 lgc-tablet-grid-50 lgc-mobile-grid-100 lgc-equal-heights \"><div  class=\"inside-grid-column\"><img decoding=\"async\" loading=\"lazy\" class=\"aligncenter size-full wp-image-2886\" src=\"https:\/\/isfd41-bue.infd.edu.ar\/sitio\/wp-content\/uploads\/2023\/03\/4.png\" alt=\"\" width=\"280\" height=\"80\"\/><a href=\"https:\/\/isfd41-bue.infd.edu.ar\/sitio\/profesorado-de-matematica-2\/\"><\/a><\/div><\/div><div class=\"lgc-clear\"><\/div><\/a><\/p>\n<p><a href=\"https:\/\/isfd41-bue.infd.edu.ar\/sitio\/profesorado-de-matematica-2\/\"><div  class=\"lgc-column lgc-grid-parent lgc-grid-33 lgc-tablet-grid-50 lgc-mobile-grid-100 lgc-equal-heights \"><div  class=\"inside-grid-column\"><img decoding=\"async\" loading=\"lazy\" class=\"aligncenter size-full wp-image-2888\" src=\"https:\/\/isfd41-bue.infd.edu.ar\/sitio\/wp-content\/uploads\/2023\/03\/6.png\" alt=\"\" width=\"280\" height=\"80\"\/><a href=\"https:\/\/isfd41-bue.infd.edu.ar\/sitio\/profesorado-de-lengua-y-literatura\/\"><\/a><\/div><\/div><\/a><\/p>\n<p><a href=\"https:\/\/isfd41-bue.infd.edu.ar\/sitio\/profesorado-de-lengua-y-literatura\/\"><div  class=\"lgc-column lgc-grid-parent lgc-grid-33 lgc-tablet-grid-50 lgc-mobile-grid-100 lgc-equal-heights \"><div  class=\"inside-grid-column\"><img decoding=\"async\" loading=\"lazy\" class=\"aligncenter size-full wp-image-2887\" src=\"https:\/\/isfd41-bue.infd.edu.ar\/sitio\/wp-content\/uploads\/2023\/03\/5.png\" alt=\"\" width=\"280\" height=\"80\"\/><a href=\"https:\/\/isfd41-bue.infd.edu.ar\/sitio\/profesorado-de-filosofia-2\/\"><\/a><\/div><\/div><\/a><\/p>\n<p><a href=\"https:\/\/isfd41-bue.infd.edu.ar\/sitio\/profesorado-de-filosofia-2\/\"><div  class=\"lgc-column lgc-grid-parent lgc-grid-33 lgc-tablet-grid-50 lgc-mobile-grid-100 lgc-equal-heights \"><div  class=\"inside-grid-column\"><img decoding=\"async\" loading=\"lazy\" class=\"aligncenter size-full wp-image-2889\" src=\"https:\/\/isfd41-bue.infd.edu.ar\/sitio\/wp-content\/uploads\/2023\/03\/7.png\" alt=\"\" width=\"280\" height=\"80\"\/><\/div><\/div><div class=\"lgc-clear\"><\/div><\/a><\/p>\n<h2 style=\"text-align: center;\">&nbsp;<\/h2>\n<h2 style=\"text-align: center;\"><span style=\"color: #00ccff;\"><em>JEFATURAS DE&nbsp;<\/em><\/span><span style=\"color: #00ccff;\"><i>\u00c1REA<\/i><\/span><\/h2>\n<h2><img decoding=\"async\" loading=\"lazy\" class=\"alignnone size-full wp-image-3725\" src=\"https:\/\/isfd41-bue.infd.edu.ar\/sitio\/wp-content\/uploads\/2025\/06\/cartel-jefaturas-mail-1.png\" alt=\"\" width=\"800\" height=\"280\" srcset=\"https:\/\/isfd41-bue.infd.edu.ar\/sitio\/wp-content\/uploads\/2025\/06\/cartel-jefaturas-mail-1.png 800w, https:\/\/isfd41-bue.infd.edu.ar\/sitio\/wp-content\/uploads\/2025\/06\/cartel-jefaturas-mail-1-768x269.png 768w\" sizes=\"(max-width: 800px) 100vw, 800px\" \/><\/h2>\n<hr>\n<p><img decoding=\"async\" loading=\"lazy\" class=\"aligncenter\" src=\"https:\/\/cdn-icons-png.flaticon.com\/512\/4440\/4440470.png\" alt=\"Attention - Free signs icons\" width=\"119\" height=\"119\"><\/p>\n<blockquote>\n<h4 style=\"text-align: center;\"><span style=\"color: #ff6600;\"><strong>Para la descarga de documentos, planillas y\/o constancias a presentar, dirigirse a la Secci\u00f3n \u00ab<a href=\"https:\/\/isfd41-bue.infd.edu.ar\/sitio\/normativas-documentos-recursos\/\">DESCARGAS<\/a>\u00bb .<\/strong><\/span><\/h4>\n<\/blockquote>\n<hr>\n<h3 style=\"text-align: center;\"><span style=\"color: #333399;\"><a style=\"color: #333399;\" href=\"https:\/\/isfd41-bue.infd.edu.ar\/sitio\/wp-content\/uploads\/2019\/12\/Proyecto-de-Transicion-ISFD-41-definitivo-1.pdf\">Proyecto de Transici\u00f3n ISFD N\u00b041 &#8211; CAMBIO DE PLAN DE ESTUDIO (INGLES-LENGUA-MATEM\u00c1TICA)<\/a><\/span><\/h3>\n<h2 style=\"text-align: center;\">&nbsp;<\/h2>\n<h2>&nbsp;<\/h2>\n<h2><img decoding=\"async\" loading=\"lazy\" class=\"aligncenter size-full wp-image-2898\" src=\"https:\/\/isfd41-bue.infd.edu.ar\/sitio\/wp-content\/uploads\/2023\/03\/boton-progresar.png\" alt=\"\" width=\"350\" height=\"100\"><\/h2>\n<h2 style=\"text-align: center;\"><span style=\"color: #3366ff;\"><strong>Atenci\u00f3n Becari@s Progresar: Gu\u00eda de asesoramiento<\/strong><\/span><\/h2>\n<h4 style=\"text-align: center;\"><a href=\"https:\/\/isfd41-bue.infd.edu.ar\/sitio\/wp-content\/uploads\/2020\/06\/Guia-del-becarios-as-progresar-formacion-docente.pdf\">Guia del becario\/a progresar &#8211; Formaci\u00f3n Docente<\/a><\/h4>\n<hr>\n<h3 style=\"text-align: center;\"><img decoding=\"async\" loading=\"lazy\" class=\"aligncenter size-full wp-image-2897\" src=\"https:\/\/isfd41-bue.infd.edu.ar\/sitio\/wp-content\/uploads\/2023\/03\/netbook.png\" alt=\"\" width=\"350\" height=\"100\"><\/h3>\n<h4 style=\"text-align: center;\"><span style=\"color: #ff6600;\">Si se te bloque\u00f3, hac\u00e9 click en este enlace<\/span><\/h4>\n<h4 style=\"text-align: center;\"><a href=\"https:\/\/docs.google.com\/forms\/d\/e\/1FAIpQLSd8Lm80ab1MSIUA0CZgzULeUupM6LAksF6ZdUy_XG2KTjLtQA\/viewform\">https:\/\/docs.google.com\/forms\/d\/e\/1FAIpQLSd8Lm80ab1MSIUA0CZgzULeUupM6LAksF6ZdUy_XG2KTjLtQA\/viewform<\/a><\/h4>\n<h4 style=\"text-align: center;\"><span style=\"color: #ff6600;\">o llam\u00e1 al&nbsp;0800-444-1115<\/span><\/h4>\n<hr>\n<h1 style=\"text-align: center;\"><span style=\"font-weight: 400;\">&nbsp;<\/span><span style=\"color: #ff0000;\"><strong>ATENCI\u00d3N!!! <span style=\"color: #000080;\">Se encuentra disponible <\/span><\/strong><\/span><span style=\"color: #ff0000;\"><strong><span style=\"color: #008000;\"><span style=\"color: #000080;\">el<\/span>&nbsp;<\/span><\/strong><\/span><span style=\"color: #ff00ff;\">&nbsp; &nbsp;&nbsp;<\/span><\/h1>\n<h2 style=\"text-align: center;\"><span style=\"color: #ff0000;\"><strong><a href=\"https:\/\/isfd41-bue.infd.edu.ar\/sitio\/normativas-documentos-recursos\/\">PROTOCOLO DE INTERVENCI\u00d3N INSTITUCIONAL<\/a><span style=\"color: #008000;\"><span style=\"color: #000080;\">.<\/span><\/span><\/strong><\/span><\/h2>\n<h2 style=\"text-align: center;\"><span style=\"color: #ff0000;\"><span style=\"color: #008000;\"><span style=\"color: #000000;\">(en la Secci\u00f3n DESCARGAS<\/span><\/span><\/span><span style=\"color: #ff0000;\"><span style=\"color: #008000;\"><span style=\"color: #000000;\">)<\/span><\/span><\/span><\/h2>\n<h4 style=\"text-align: center;\">&nbsp;<\/h4>\n\n\n<p><\/p>\n\n\n\n<p><\/p>\n\n\n\n<pre class=\"wp-block-code\"><code><\/code><\/pre>\n","protected":false},"excerpt":{"rendered":"<p>Recordamos a nuestra comunidad que el \u00fanico medio oficial de comunicaci\u00f3n es esta p\u00e1gina FORMULARIO PARA SOLICITUD &nbsp;&nbsp;CONSTANCIAS DE ESTUDIANTE REGULAR PARA LA INSCRIPCI\u00d3N EN LOS LISTADOS 108B &#8211; 108B INFINE EXCLUSIVO REGION V &nbsp; &nbsp; JEFATURAS DE&nbsp;\u00c1REA Para la descarga de documentos, planillas y\/o constancias a presentar, dirigirse a la Secci\u00f3n \u00abDESCARGAS\u00bb . Proyecto &#8230; <a title=\"Inicio\" class=\"read-more\" href=\"https:\/\/isfd41-bue.infd.edu.ar\/sitio\/\" aria-label=\"More on Inicio\">[+]<\/a><\/p>\n","protected":false},"author":1,"featured_media":0,"parent":0,"menu_order":0,"comment_status":"closed","ping_status":"closed","template":"","meta":[],"acf":[],"_links":{"self":[{"href":"https:\/\/isfd41-bue.infd.edu.ar\/sitio\/wp-json\/wp\/v2\/pages\/286"}],"collection":[{"href":"https:\/\/isfd41-bue.infd.edu.ar\/sitio\/wp-json\/wp\/v2\/pages"}],"about":[{"href":"https:\/\/isfd41-bue.infd.edu.ar\/sitio\/wp-json\/wp\/v2\/types\/page"}],"author":[{"embeddable":true,"href":"https:\/\/isfd41-bue.infd.edu.ar\/sitio\/wp-json\/wp\/v2\/users\/1"}],"replies":[{"embeddable":true,"href":"https:\/\/isfd41-bue.infd.edu.ar\/sitio\/wp-json\/wp\/v2\/comments?post=286"}],"version-history":[{"count":628,"href":"https:\/\/isfd41-bue.infd.edu.ar\/sitio\/wp-json\/wp\/v2\/pages\/286\/revisions"}],"predecessor-version":[{"id":4413,"href":"https:\/\/isfd41-bue.infd.edu.ar\/sitio\/wp-json\/wp\/v2\/pages\/286\/revisions\/4413"}],"wp:attachment":[{"href":"https:\/\/isfd41-bue.infd.edu.ar\/sitio\/wp-json\/wp\/v2\/media?parent=286"}],"curies":[{"name":"wp","href":"https:\/\/api.w.org\/{rel}","templated":true}]}}