{"id":1348,"date":"2020-03-16T17:12:42","date_gmt":"2020-03-16T20:12:42","guid":{"rendered":"https:\/\/isfd41-bue.infd.edu.ar\/sitio\/?page_id=1348"},"modified":"2020-03-25T01:22:46","modified_gmt":"2020-03-25T04:22:46","slug":"genero","status":"publish","type":"page","link":"https:\/\/isfd41-bue.infd.edu.ar\/sitio\/genero\/","title":{"rendered":"Protocolo"},"content":{"rendered":"<p><strong><a href=\"https:\/\/isfd41-bue.infd.edu.ar\/sitio\/wp-content\/uploads\/2020\/03\/PROTOCOLO-2020-version-definitiva.pptx\">PROTOCOLO 2020 version definitiva<\/a><\/strong><\/p>\n<p>&nbsp;<\/p>\n<p><strong>Protocolo de intervenci\u00f3n institucional para la prevenci\u00f3n, sanci\u00f3n y erradicaci\u00f3n de la violencia machista. Aprobado 24\/10\/2019.<\/strong><\/p>\n<p><a href=\"https:\/\/isfd41-bue.infd.edu.ar\/sitio\/wp-content\/uploads\/2019\/12\/PROTOCOLO-DEFINITIVO.docx\">PROTOCOLO DEFINITIVO<\/a><\/p>\n<p>&nbsp;<\/p>\n","protected":false},"excerpt":{"rendered":"<p>PROTOCOLO 2020 version definitiva &nbsp; Protocolo de intervenci\u00f3n institucional para la prevenci\u00f3n, sanci\u00f3n y erradicaci\u00f3n de la violencia machista. Aprobado 24\/10\/2019. PROTOCOLO DEFINITIVO &nbsp;<\/p>\n","protected":false},"author":2889,"featured_media":0,"parent":0,"menu_order":0,"comment_status":"closed","ping_status":"closed","template":"","meta":[],"acf":[],"_links":{"self":[{"href":"https:\/\/isfd41-bue.infd.edu.ar\/sitio\/wp-json\/wp\/v2\/pages\/1348"}],"collection":[{"href":"https:\/\/isfd41-bue.infd.edu.ar\/sitio\/wp-json\/wp\/v2\/pages"}],"about":[{"href":"https:\/\/isfd41-bue.infd.edu.ar\/sitio\/wp-json\/wp\/v2\/types\/page"}],"author":[{"embeddable":true,"href":"https:\/\/isfd41-bue.infd.edu.ar\/sitio\/wp-json\/wp\/v2\/users\/2889"}],"replies":[{"embeddable":true,"href":"https:\/\/isfd41-bue.infd.edu.ar\/sitio\/wp-json\/wp\/v2\/comments?post=1348"}],"version-history":[{"count":16,"href":"https:\/\/isfd41-bue.infd.edu.ar\/sitio\/wp-json\/wp\/v2\/pages\/1348\/revisions"}],"predecessor-version":[{"id":1467,"href":"https:\/\/isfd41-bue.infd.edu.ar\/sitio\/wp-json\/wp\/v2\/pages\/1348\/revisions\/1467"}],"wp:attachment":[{"href":"https:\/\/isfd41-bue.infd.edu.ar\/sitio\/wp-json\/wp\/v2\/media?parent=1348"}],"curies":[{"name":"wp","href":"https:\/\/api.w.org\/{rel}","templated":true}]}}